{"id":9865,"date":"2023-05-23T16:51:13","date_gmt":"2023-05-23T19:51:13","guid":{"rendered":"https:\/\/vibragaming.com\/?page_id=9865"},"modified":"2024-12-04T12:04:09","modified_gmt":"2024-12-04T15:04:09","slug":"inicio","status":"publish","type":"page","link":"https:\/\/vibragaming.com\/pt-br\/","title":{"rendered":"Solu\u00e7\u00f5es"},"content":{"rendered":"\n  <div class=\"banner has-hover hide-for-small\" id=\"banner-1912972174\">\n          <div class=\"banner-inner fill\">\n        <div class=\"banner-bg fill\" >\n            <img fetchpriority=\"high\" decoding=\"async\" width=\"2560\" height=\"1000\" src=\"https:\/\/vibragaming.com\/wp-content\/uploads\/2023\/05\/BannerSolution_1920x750_PT-scaled.jpg\" class=\"bg attachment-original size-original\" alt=\"\" \/>                        <div class=\"overlay\"><\/div>            \n                    <\/div>\n\t\t\n        <div class=\"banner-layers container\">\n            <a class=\"fill\" href=\"https:\/\/vibragaming.com\/pt-br\/games\/jogos-de-mesa\/baccarat\/\"><div class=\"fill banner-link\"><\/div><\/a>            \n        <\/div>\n      <\/div>\n\n            \n<style>\n#banner-1912972174 {\n  padding-top: 38%;\n}\n#banner-1912972174 .overlay {\n  background-color: rgba(0, 0, 0, 0.02);\n}\n#banner-1912972174 .banner-bg img {\n  object-position: center center;\n}\n<\/style>\n  <\/div>\n\n\n\n  <div class=\"banner has-hover show-for-small\" id=\"banner-1242567505\">\n          <div class=\"banner-inner fill\">\n        <div class=\"banner-bg fill\" >\n            <img decoding=\"async\" width=\"1563\" height=\"2250\" src=\"https:\/\/vibragaming.com\/wp-content\/uploads\/2023\/05\/BannerSolution_750x1080_PT.jpg\" class=\"bg attachment-original size-original\" alt=\"\" \/>                                    \n                    <\/div>\n\t\t\n        <div class=\"banner-layers container\">\n            <a class=\"fill\" href=\"https:\/\/vibragaming.com\/pt-br\/games\/jogos-de-mesa\/baccarat\/\"><div class=\"fill banner-link\"><\/div><\/a>            \n        <\/div>\n      <\/div>\n\n            \n<style>\n#banner-1242567505 {\n  padding-top: 143%;\n}\n#banner-1242567505 .banner-bg img {\n  object-position: 50% 60%;\n}\n@media (min-width:550px) {\n  #banner-1242567505 {\n    padding-top: 500px;\n  }\n}\n<\/style>\n  <\/div>\n\n\n\n\t<section class=\"section negro-deg show-for-medium\" id=\"section_1008555008\">\n\t\t<div class=\"section-bg fill\" >\n\t\t\t\t\t\t\t\t\t\n\t\t\t\n\n\t\t<\/div>\n\n\t\t\n\n\t\t<div class=\"section-content relative\">\n\t\t\t\n<div class=\"row row-full-width\"  id=\"row-1876319117\">\n\n\t<div id=\"col-1867196226\" class=\"col medium-12 small-12 large-12\"  >\n\t\t\t\t<div class=\"col-inner text-left\"  >\n\t\t\t\n\t\t\t\n<h2 style=\"font-size: 3em;\"><span style=\"color: #bb2360;\">Solu\u00e7\u00f5es<\/span><\/h2>\n<p style=\"color: #fff; text-align: left;\">Nossa equipe trabalha no desenvolvimento cont\u00ednuo de plataformas inovadoras que prop\u00f5em aplicar as \u00faltimas tend\u00eancias e tecnologias ao jogo. Atrav\u00e9s do uso da tecnologia HTML5, conseguimos criar um fant\u00e1stico portf\u00f3lio de produtos que \u00e9 realmente omnicanal. Os operadores podem atender a suas audi\u00eancias em qualquer momento e em qualquer lugar mediante dispositivos m\u00f3veis, computadores tradicionais de \u00e1reas de trabalho e terminais f\u00edsicos.<\/p>\n\t\t<\/div>\n\t\t\t\t\n<style>\n#col-1867196226 > .col-inner {\n  margin: -20px 0px -42px 0px;\n}\n<\/style>\n\t<\/div>\n\n\t\n\n<style>\n#row-1876319117 > .col > .col-inner {\n  padding: 30px 0px 31px 0px;\n}\n<\/style>\n<\/div>\n<div class=\"row row-full-width prod-botones\"  id=\"row-106265777\">\n\n\t<div id=\"col-753157566\" class=\"col medium-6 small-12 large-3\"  >\n\t\t\t\t<div class=\"col-inner text-shadow-1\" style=\"background-color:rgba(0, 0, 0, 0.9);\" >\n\t\t\t\n\t\t\t\n\t<div class=\"box has-hover   has-hover box-shadow-3 box-shadow-2-hover box-text-bottom\" >\n\n\t\t<div class=\"box-image\" style=\"width:90%;\">\n\t\t\t<a href=\"https:\/\/vibragaming.com\/pt-br\/produtos\/vsolutions-cassino\/\" >\t\t\t<div class=\"\" >\n\t\t\t\t<img decoding=\"async\" width=\"300\" height=\"300\" src=\"https:\/\/vibragaming.com\/wp-content\/uploads\/2020\/07\/menu-casino.png\" class=\"attachment- size-\" alt=\"\" srcset=\"https:\/\/vibragaming.com\/wp-content\/uploads\/2020\/07\/menu-casino.png 300w, https:\/\/vibragaming.com\/wp-content\/uploads\/2020\/07\/menu-casino-280x280.png 280w\" sizes=\"(max-width: 300px) 100vw, 300px\" \/>\t\t\t\t\t\t\t\t\t\t\t<\/div>\n\t\t\t<\/a>\t\t<\/div>\n\n\t\t<div class=\"box-text text-center\" style=\"padding:0px 0px 25px 0px;\">\n\t\t\t<div class=\"box-text-inner\">\n\t\t\t\t\n<h3>V-Casino<\/h3>\n\t\t\t<\/div>\n\t\t<\/div>\n\t<\/div>\n\t\n\t\t<\/div>\n\t\t\t\t\t<\/div>\n\n\t\n\n\t<div id=\"col-67992721\" class=\"col medium-6 small-12 large-3\"  >\n\t\t\t\t<div class=\"col-inner text-shadow-1\" style=\"background-color:rgba(0, 0, 0, 0.9);\" >\n\t\t\t\n\t\t\t\n\t<div class=\"box has-hover   has-hover box-shadow-3 box-shadow-2-hover box-text-bottom\" >\n\n\t\t<div class=\"box-image\" style=\"width:90%;\">\n\t\t\t<a href=\"https:\/\/vibragaming.com\/pt-br\/produtos\/v-sportsbook\/\" >\t\t\t<div class=\"\" >\n\t\t\t\t<img loading=\"lazy\" decoding=\"async\" width=\"300\" height=\"300\" src=\"https:\/\/vibragaming.com\/wp-content\/uploads\/2020\/07\/sportbook.png\" class=\"attachment- size-\" alt=\"\" srcset=\"https:\/\/vibragaming.com\/wp-content\/uploads\/2020\/07\/sportbook.png 300w, https:\/\/vibragaming.com\/wp-content\/uploads\/2020\/07\/sportbook-280x280.png 280w\" sizes=\"(max-width: 300px) 100vw, 300px\" \/>\t\t\t\t\t\t\t\t\t\t\t<\/div>\n\t\t\t<\/a>\t\t<\/div>\n\n\t\t<div class=\"box-text text-center\" style=\"padding:0px 0px 25px 0px;\">\n\t\t\t<div class=\"box-text-inner\">\n\t\t\t\t\n<h3>V-Sportsbook<\/h3>\n\t\t\t<\/div>\n\t\t<\/div>\n\t<\/div>\n\t\n\t\t<\/div>\n\t\t\t\t\t<\/div>\n\n\t\n\n\t<div id=\"col-1228960397\" class=\"col medium-6 small-12 large-3\"  >\n\t\t\t\t<div class=\"col-inner text-shadow-1\" style=\"background-color:rgba(0, 0, 0, 0.9);\" >\n\t\t\t\n\t\t\t\n\t<div class=\"box has-hover   has-hover box-shadow-3 box-shadow-2-hover box-text-bottom\" >\n\n\t\t<div class=\"box-image\" style=\"width:90%;\">\n\t\t\t<a href=\"https:\/\/vibragaming.com\/pt-br\/produtos\/v-rgs\/\" >\t\t\t<div class=\"\" >\n\t\t\t\t<img loading=\"lazy\" decoding=\"async\" width=\"300\" height=\"300\" src=\"https:\/\/vibragaming.com\/wp-content\/uploads\/2020\/07\/rgs-1.png\" class=\"attachment- size-\" alt=\"\" srcset=\"https:\/\/vibragaming.com\/wp-content\/uploads\/2020\/07\/rgs-1.png 300w, https:\/\/vibragaming.com\/wp-content\/uploads\/2020\/07\/rgs-1-280x280.png 280w\" sizes=\"(max-width: 300px) 100vw, 300px\" \/>\t\t\t\t\t\t\t\t\t\t\t<\/div>\n\t\t\t<\/a>\t\t<\/div>\n\n\t\t<div class=\"box-text text-center\" style=\"padding:0px 0px 25px 0px;\">\n\t\t\t<div class=\"box-text-inner\">\n\t\t\t\t\n<h3>V-RGS<\/h3>\n\t\t\t<\/div>\n\t\t<\/div>\n\t<\/div>\n\t\n\t\t<\/div>\n\t\t\t\t\t<\/div>\n\n\t\n\n\t<div id=\"col-1927026652\" class=\"col medium-6 small-12 large-3\"  >\n\t\t\t\t<div class=\"col-inner text-shadow-1\" style=\"background-color:rgba(0, 0, 0, 0.9);\" >\n\t\t\t\n\t\t\t\n\t<div class=\"box has-hover   has-hover box-shadow-3 box-shadow-2-hover box-text-bottom\" >\n\n\t\t<div class=\"box-image\" style=\"width:90%;\">\n\t\t\t<a href=\"https:\/\/vibragaming.com\/pt-br\/produtos\/egm\/\" >\t\t\t<div class=\"\" >\n\t\t\t\t<img loading=\"lazy\" decoding=\"async\" width=\"300\" height=\"300\" src=\"https:\/\/vibragaming.com\/wp-content\/uploads\/2020\/07\/egm-300.png\" class=\"attachment- size-\" alt=\"\" srcset=\"https:\/\/vibragaming.com\/wp-content\/uploads\/2020\/07\/egm-300.png 300w, https:\/\/vibragaming.com\/wp-content\/uploads\/2020\/07\/egm-300-280x280.png 280w\" sizes=\"(max-width: 300px) 100vw, 300px\" \/>\t\t\t\t\t\t\t\t\t\t\t<\/div>\n\t\t\t<\/a>\t\t<\/div>\n\n\t\t<div class=\"box-text text-center\" style=\"padding:0px 0px 25px 0px;\">\n\t\t\t<div class=\"box-text-inner\">\n\t\t\t\t\n<h3>V-EGM<\/h3>\n\t\t\t<\/div>\n\t\t<\/div>\n\t<\/div>\n\t\n\t\t<\/div>\n\t\t\t\t\t<\/div>\n\n\t\n<\/div>\n\t\t<\/div>\n\n\t\t\n<style>\n#section_1008555008 {\n  padding-top: 65px;\n  padding-bottom: 65px;\n  background-color: rgba(0, 0, 0, 0.87);\n}\n<\/style>\n\t<\/section>\n\t\n\n\t<section class=\"section negro-deg hide-for-medium\" id=\"section_450636789\">\n\t\t<div class=\"section-bg fill\" >\n\t\t\t\t\t\t\t\t\t\n\t\t\t\n\n\t\t<\/div>\n\n\t\t\n\n\t\t<div class=\"section-content relative\">\n\t\t\t\n<span class=\"scroll-to\" data-label=\"Scroll to: #solutions\" data-bullet=\"false\" data-link=\"#solutions\" data-title=\"solutions\"><a name=\"solutions\"><\/a><\/span>\n<div class=\"row row-general\" style=\"max-width:80%\" id=\"row-935360215\">\n\n\t<div id=\"col-1762148589\" class=\"col medium-12 small-12 large-12\"  >\n\t\t\t\t<div class=\"col-inner text-left\"  >\n\t\t\t\n\t\t\t\n<h2 style=\"font-size: 3em;\"><span style=\"color: #bb2360;\">Solu\u00e7\u00f5es<\/span><\/h2>\n<p style=\"color: #fff; text-align: left;\">Nossa equipe trabalha no desenvolvimento cont\u00ednuo de plataformas inovadoras que prop\u00f5em aplicar as \u00faltimas tend\u00eancias e tecnologias ao jogo. Atrav\u00e9s do uso da tecnologia HTML5, conseguimos criar um fant\u00e1stico portf\u00f3lio de produtos que \u00e9 realmente omnicanal. Os operadores podem atender a suas audi\u00eancias em qualquer momento e em qualquer lugar mediante dispositivos m\u00f3veis, computadores tradicionais de \u00e1reas de trabalho e terminais f\u00edsicos.<\/p>\n\t\t<\/div>\n\t\t\t\t\n<style>\n#col-1762148589 > .col-inner {\n  margin: -20px 0px -42px 0px;\n}\n<\/style>\n\t<\/div>\n\n\t\n\n<style>\n#row-935360215 > .col > .col-inner {\n  padding: 30px 0px 31px 0px;\n}\n<\/style>\n<\/div>\n<div class=\"row prod-botones row-general\" style=\"max-width:80%\" id=\"row-547616733\">\n\n\t<div id=\"col-1219622625\" class=\"col medium-6 small-12 large-3\"  data-animate=\"fadeInLeft\">\n\t\t\t\t<div class=\"col-inner text-shadow-1\" style=\"background-color:rgba(0, 0, 0, 0.9);\" >\n\t\t\t\n\t\t\t\n\t<div class=\"box has-hover   has-hover box-shadow-3 box-shadow-2-hover box-text-bottom\" >\n\n\t\t<div class=\"box-image\" style=\"width:90%;\">\n\t\t\t<a href=\"https:\/\/vibragaming.com\/pt-br\/produtos\/vsolutions-cassino\/\" >\t\t\t<div class=\"\" >\n\t\t\t\t<img decoding=\"async\" width=\"300\" height=\"300\" src=\"https:\/\/vibragaming.com\/wp-content\/uploads\/2020\/07\/menu-casino.png\" class=\"attachment- size-\" alt=\"\" srcset=\"https:\/\/vibragaming.com\/wp-content\/uploads\/2020\/07\/menu-casino.png 300w, https:\/\/vibragaming.com\/wp-content\/uploads\/2020\/07\/menu-casino-280x280.png 280w\" sizes=\"(max-width: 300px) 100vw, 300px\" \/>\t\t\t\t\t\t\t\t\t\t\t<\/div>\n\t\t\t<\/a>\t\t<\/div>\n\n\t\t<div class=\"box-text text-center\" style=\"padding:0px 0px 25px 0px;\">\n\t\t\t<div class=\"box-text-inner\">\n\t\t\t\t\n<h3>V-Casino<\/h3>\n\t\t\t<\/div>\n\t\t<\/div>\n\t<\/div>\n\t\n\t\t<\/div>\n\t\t\t\t\t<\/div>\n\n\t\n\n\t<div id=\"col-966428851\" class=\"col medium-6 small-12 large-3\"  data-animate=\"fadeInLeft\">\n\t\t\t\t<div class=\"col-inner text-shadow-1\" style=\"background-color:rgba(0, 0, 0, 0.9);\" >\n\t\t\t\n\t\t\t\n\t<div class=\"box has-hover   has-hover box-shadow-3 box-shadow-2-hover box-text-bottom\" >\n\n\t\t<div class=\"box-image\" style=\"width:90%;\">\n\t\t\t<a href=\"https:\/\/vibragaming.com\/pt-br\/produtos\/v-sportsbook\/\" >\t\t\t<div class=\"\" >\n\t\t\t\t<img loading=\"lazy\" decoding=\"async\" width=\"300\" height=\"300\" src=\"https:\/\/vibragaming.com\/wp-content\/uploads\/2020\/07\/sportbook.png\" class=\"attachment- size-\" alt=\"\" srcset=\"https:\/\/vibragaming.com\/wp-content\/uploads\/2020\/07\/sportbook.png 300w, https:\/\/vibragaming.com\/wp-content\/uploads\/2020\/07\/sportbook-280x280.png 280w\" sizes=\"(max-width: 300px) 100vw, 300px\" \/>\t\t\t\t\t\t\t\t\t\t\t<\/div>\n\t\t\t<\/a>\t\t<\/div>\n\n\t\t<div class=\"box-text text-center\" style=\"padding:0px 0px 25px 0px;\">\n\t\t\t<div class=\"box-text-inner\">\n\t\t\t\t\n<h3>V-Sportsbook<\/h3>\n\t\t\t<\/div>\n\t\t<\/div>\n\t<\/div>\n\t\n\t\t<\/div>\n\t\t\t\t\t<\/div>\n\n\t\n\n\t<div id=\"col-1315345156\" class=\"col medium-6 small-12 large-3\"  data-animate=\"fadeInLeft\">\n\t\t\t\t<div class=\"col-inner text-shadow-1\" style=\"background-color:rgba(0, 0, 0, 0.9);\" >\n\t\t\t\n\t\t\t\n\t<div class=\"box has-hover   has-hover box-shadow-3 box-shadow-2-hover box-text-bottom\" >\n\n\t\t<div class=\"box-image\" style=\"width:90%;\">\n\t\t\t<a href=\"https:\/\/vibragaming.com\/pt-br\/produtos\/v-rgs\/\" >\t\t\t<div class=\"\" >\n\t\t\t\t<img loading=\"lazy\" decoding=\"async\" width=\"300\" height=\"300\" src=\"https:\/\/vibragaming.com\/wp-content\/uploads\/2020\/07\/rgs-1.png\" class=\"attachment- size-\" alt=\"\" srcset=\"https:\/\/vibragaming.com\/wp-content\/uploads\/2020\/07\/rgs-1.png 300w, https:\/\/vibragaming.com\/wp-content\/uploads\/2020\/07\/rgs-1-280x280.png 280w\" sizes=\"(max-width: 300px) 100vw, 300px\" \/>\t\t\t\t\t\t\t\t\t\t\t<\/div>\n\t\t\t<\/a>\t\t<\/div>\n\n\t\t<div class=\"box-text text-center\" style=\"padding:0px 0px 25px 0px;\">\n\t\t\t<div class=\"box-text-inner\">\n\t\t\t\t\n<h3>V-RGS<\/h3>\n\t\t\t<\/div>\n\t\t<\/div>\n\t<\/div>\n\t\n\t\t<\/div>\n\t\t\t\t\t<\/div>\n\n\t\n\n\t<div id=\"col-1080611219\" class=\"col medium-6 small-12 large-3\"  data-animate=\"fadeInLeft\">\n\t\t\t\t<div class=\"col-inner text-shadow-1\" style=\"background-color:rgba(0, 0, 0, 0.9);\" >\n\t\t\t\n\t\t\t\n\t<div class=\"box has-hover   has-hover box-shadow-3 box-shadow-2-hover box-text-bottom\" >\n\n\t\t<div class=\"box-image\" style=\"width:90%;\">\n\t\t\t<a href=\"https:\/\/vibragaming.com\/pt-br\/produtos\/egm\/\" >\t\t\t<div class=\"\" >\n\t\t\t\t<img loading=\"lazy\" decoding=\"async\" width=\"300\" height=\"300\" src=\"https:\/\/vibragaming.com\/wp-content\/uploads\/2020\/07\/egm-300.png\" class=\"attachment- size-\" alt=\"\" srcset=\"https:\/\/vibragaming.com\/wp-content\/uploads\/2020\/07\/egm-300.png 300w, https:\/\/vibragaming.com\/wp-content\/uploads\/2020\/07\/egm-300-280x280.png 280w\" sizes=\"(max-width: 300px) 100vw, 300px\" \/>\t\t\t\t\t\t\t\t\t\t\t<\/div>\n\t\t\t<\/a>\t\t<\/div>\n\n\t\t<div class=\"box-text text-center\" style=\"padding:0px 0px 25px 0px;\">\n\t\t\t<div class=\"box-text-inner\">\n\t\t\t\t\n<h3>V-EGM<\/h3>\n\t\t\t<\/div>\n\t\t<\/div>\n\t<\/div>\n\t\n\t\t<\/div>\n\t\t\t\t\t<\/div>\n\n\t\n<\/div>\n\t\t<\/div>\n\n\t\t\n<style>\n#section_450636789 {\n  padding-top: 65px;\n  padding-bottom: 65px;\n  background-color: rgba(0, 0, 0, 0.87);\n}\n<\/style>\n\t<\/section>\n\t\n\n\t<section class=\"section hide-for-medium\" id=\"section_28146016\">\n\t\t<div class=\"section-bg fill\" >\n\t\t\t<img loading=\"lazy\" decoding=\"async\" width=\"1896\" height=\"870\" src=\"https:\/\/vibragaming.com\/wp-content\/uploads\/2020\/07\/home-platform-background.png\" class=\"bg attachment- size-\" alt=\"\" \/>\t\t\t\t\t\t\n\t\t\t\n\n\t\t<\/div>\n\n\t\t\n\n\t\t<div class=\"section-content relative\">\n\t\t\t\n\n<div class=\"row hide-for-small\" style=\"max-width:80%\" id=\"row-1171903091\">\n\n\n\t<div id=\"col-379639474\" class=\"col medium-7 small-12 large-7\"  >\n\t\t\t\t<div class=\"col-inner\"  >\n\t\t\t\n\t\t\t\n\n<h2 class=\"uppercase\"><strong> Receba nossos \u00faltimos lan\u00e7amentos<\/strong><\/h2>\n\n\t\t<\/div>\n\t\t\t\t\t<\/div>\n\n\t\n\n\t<div id=\"col-337252704\" class=\"col medium-5 small-12 large-5\"  >\n\t\t\t\t<div class=\"col-inner\"  >\n\t\t\t\n\t\t\t\n\n\n<div class=\"wpcf7 no-js\" id=\"wpcf7-f14433-o1\" lang=\"en-US\" dir=\"ltr\" data-wpcf7-id=\"14433\">\n<div class=\"screen-reader-response\"><p role=\"status\" aria-live=\"polite\" aria-atomic=\"true\"><\/p> <ul><\/ul><\/div>\n<form action=\"\/pt-br\/wp-json\/wp\/v2\/pages\/9865#wpcf7-f14433-o1\" method=\"post\" class=\"wpcf7-form init\" aria-label=\"Contact form\" novalidate=\"novalidate\" data-status=\"init\">\n<fieldset class=\"hidden-fields-container\"><input type=\"hidden\" name=\"_wpcf7\" value=\"14433\" \/><input type=\"hidden\" name=\"_wpcf7_version\" value=\"6.1.4\" \/><input type=\"hidden\" name=\"_wpcf7_locale\" value=\"en_US\" \/><input type=\"hidden\" name=\"_wpcf7_unit_tag\" value=\"wpcf7-f14433-o1\" \/><input type=\"hidden\" name=\"_wpcf7_container_post\" value=\"0\" \/><input type=\"hidden\" name=\"_wpcf7_posted_data_hash\" value=\"\" \/>\n<\/fieldset>\n<div class=\"one-half float-left\" style=\"margin-top:23px;\">\n\t<p><label><br \/>\n<span class=\"wpcf7-form-control-wrap\" data-name=\"your-email\"><input size=\"40\" maxlength=\"400\" class=\"wpcf7-form-control wpcf7-email wpcf7-validates-as-required wpcf7-text wpcf7-validates-as-email\" aria-required=\"true\" aria-invalid=\"false\" placeholder=\"Insira seu e-mail*\" value=\"\" type=\"email\" name=\"your-email\" \/><\/span> <\/label>\n\t<\/p>\n<\/div>\n<div class=\"one-half float-right\">\n\t<p><input class=\"wpcf7-form-control wpcf7-submit has-spinner\" type=\"submit\" value=\"Assinar\" \/>\n\t<\/p>\n<\/div><p style=\"display: none !important;\" class=\"akismet-fields-container\" data-prefix=\"_wpcf7_ak_\"><label>&#916;<textarea name=\"_wpcf7_ak_hp_textarea\" cols=\"45\" rows=\"8\" maxlength=\"100\"><\/textarea><\/label><input type=\"hidden\" id=\"ak_js_1\" name=\"_wpcf7_ak_js\" value=\"88\"\/><script>document.getElementById( \"ak_js_1\" ).setAttribute( \"value\", ( new Date() ).getTime() );<\/script><\/p><div class=\"wpcf7-response-output\" aria-hidden=\"true\"><\/div>\n<\/form>\n<\/div>\n\n\n\n\t\t<\/div>\n\t\t\t\t\n<style>\n#col-337252704 > .col-inner {\n  margin: 35px 0px 0px 0px;\n}\n<\/style>\n\t<\/div>\n\n\t\n\n\n<style>\n#row-1171903091 > .col > .col-inner {\n  padding: 49px 0px 0px 0px;\n}\n<\/style>\n<\/div>\n\n\t\t<\/div>\n\n\t\t\n<style>\n#section_28146016 {\n  padding-top: 0px;\n  padding-bottom: 0px;\n}\n<\/style>\n\t<\/section>\n\t\n\n\t<section class=\"section show-for-medium hide-for-small\" id=\"section_1904127172\">\n\t\t<div class=\"section-bg fill\" >\n\t\t\t<img loading=\"lazy\" decoding=\"async\" width=\"1896\" height=\"870\" src=\"https:\/\/vibragaming.com\/wp-content\/uploads\/2020\/07\/home-platform-background.png\" class=\"bg attachment- size-\" alt=\"\" \/>\t\t\t\t\t\t\n\t\t\t\n\n\t\t<\/div>\n\n\t\t\n\n\t\t<div class=\"section-content relative\">\n\t\t\t\n\n<div class=\"row row-full-width hide-for-small\"  id=\"row-952088667\">\n\n\n\t<div id=\"col-1676071734\" class=\"col medium-8 small-12 large-6\"  >\n\t\t\t\t<div class=\"col-inner\"  >\n\t\t\t\n\t\t\t\n\n\t<div id=\"text-3436696818\" class=\"text\">\n\t\t\n\n<h2 class=\"uppercase\"><strong> Receba nossos \u00faltimos lan\u00e7amentos<\/strong><\/h2>\n\t\t\n<style>\n#text-3436696818 {\n  font-size: 0.75rem;\n}\n<\/style>\n\t<\/div>\n\t\n\n\t\t<\/div>\n\t\t\t\t\t<\/div>\n\n\t\n\n\t<div id=\"col-1160160091\" class=\"col medium-4 small-12 large-6\"  >\n\t\t\t\t<div class=\"col-inner\"  >\n\t\t\t\n\t\t\t\n\n<p><script>(function() {\n\twindow.mc4wp = window.mc4wp || {\n\t\tlisteners: [],\n\t\tforms: {\n\t\t\ton: function(evt, cb) {\n\t\t\t\twindow.mc4wp.listeners.push(\n\t\t\t\t\t{\n\t\t\t\t\t\tevent   : evt,\n\t\t\t\t\t\tcallback: cb\n\t\t\t\t\t}\n\t\t\t\t);\n\t\t\t}\n\t\t}\n\t}\n})();\n<\/script><!-- Mailchimp for WordPress v4.10.8 - https:\/\/wordpress.org\/plugins\/mailchimp-for-wp\/ --><form id=\"mc4wp-form-1\" class=\"mc4wp-form mc4wp-form-5080\" method=\"post\" data-id=\"5080\" data-name=\"Suscripcion Sitio\" ><div class=\"mc4wp-form-fields\"><p class=\"form-subscribe\">\r\n\t<label>\r\n\t\t<input type=\"email\" name=\"EMAIL\" placeholder=\"Your Email Address\" required \/>\r\n<\/label>\r\n<\/p>\r\n\r\n<p class=\"subscribe\">\r\n\t<input type=\"submit\" value=\"Subscribe\" \/>\r\n<\/p><\/div><label style=\"display: none !important;\">Leave this field empty if you're human: <input type=\"text\" name=\"_mc4wp_honeypot\" value=\"\" tabindex=\"-1\" autocomplete=\"off\" \/><\/label><input type=\"hidden\" name=\"_mc4wp_timestamp\" value=\"1775437928\" \/><input type=\"hidden\" name=\"_mc4wp_form_id\" value=\"5080\" \/><input type=\"hidden\" name=\"_mc4wp_form_element_id\" value=\"mc4wp-form-1\" \/><div class=\"mc4wp-response\"><\/div><\/form><!-- \/ Mailchimp for WordPress Plugin --><\/p>\n\n\t\t<\/div>\n\t\t\t\t\t<\/div>\n\n\t\n\n\n<style>\n#row-952088667 > .col > .col-inner {\n  padding: 49px 0px 0px 0px;\n}\n<\/style>\n<\/div>\n\n\t\t<\/div>\n\n\t\t\n<style>\n#section_1904127172 {\n  padding-top: 0px;\n  padding-bottom: 0px;\n}\n<\/style>\n\t<\/section>\n\t\n\n\t<section class=\"section show-for-small\" id=\"section_1499045246\">\n\t\t<div class=\"section-bg fill\" >\n\t\t\t<img loading=\"lazy\" decoding=\"async\" width=\"1896\" height=\"870\" src=\"https:\/\/vibragaming.com\/wp-content\/uploads\/2020\/07\/home-platform-background.png\" class=\"bg attachment- size-\" alt=\"\" \/>\t\t\t\t\t\t\n\t\t\t\n\n\t\t<\/div>\n\n\t\t\n\n\t\t<div class=\"section-content relative\">\n\t\t\t\n\n<div class=\"row show-for-small\"  id=\"row-1916206196\">\n\n\n\t<div id=\"col-1327736291\" class=\"col small-12 large-12\"  >\n\t\t\t\t<div class=\"col-inner\"  >\n\t\t\t\n\t\t\t\n\n\t<div id=\"text-2692665201\" class=\"text\">\n\t\t\n\n<h2 class=\"uppercase\"><strong> Receba nossos \u00faltimos lan\u00e7amentos<\/strong><\/h2>\n\t\t\n<style>\n#text-2692665201 {\n  font-size: 0.75rem;\n}\n<\/style>\n\t<\/div>\n\t\n\n\t\t<\/div>\n\t\t\t\t\n<style>\n#col-1327736291 > .col-inner {\n  padding: 0px 0px 0 0px;\n  margin: 0px 0px -21px 0px;\n}\n<\/style>\n\t<\/div>\n\n\t\n\n\t<div id=\"col-1073520495\" class=\"col medium-4 small-12 large-4\"  >\n\t\t\t\t<div class=\"col-inner\"  >\n\t\t\t\n\t\t\t\n\n\n<div class=\"wpcf7 no-js\" id=\"wpcf7-f14433-o2\" lang=\"en-US\" dir=\"ltr\" data-wpcf7-id=\"14433\">\n<div class=\"screen-reader-response\"><p role=\"status\" aria-live=\"polite\" aria-atomic=\"true\"><\/p> <ul><\/ul><\/div>\n<form action=\"\/pt-br\/wp-json\/wp\/v2\/pages\/9865#wpcf7-f14433-o2\" method=\"post\" class=\"wpcf7-form init\" aria-label=\"Contact form\" novalidate=\"novalidate\" data-status=\"init\">\n<fieldset class=\"hidden-fields-container\"><input type=\"hidden\" name=\"_wpcf7\" value=\"14433\" \/><input type=\"hidden\" name=\"_wpcf7_version\" value=\"6.1.4\" \/><input type=\"hidden\" name=\"_wpcf7_locale\" value=\"en_US\" \/><input type=\"hidden\" name=\"_wpcf7_unit_tag\" value=\"wpcf7-f14433-o2\" \/><input type=\"hidden\" name=\"_wpcf7_container_post\" value=\"0\" \/><input type=\"hidden\" name=\"_wpcf7_posted_data_hash\" value=\"\" \/>\n<\/fieldset>\n<div class=\"one-half float-left\" style=\"margin-top:23px;\">\n\t<p><label><br \/>\n<span class=\"wpcf7-form-control-wrap\" data-name=\"your-email\"><input size=\"40\" maxlength=\"400\" class=\"wpcf7-form-control wpcf7-email wpcf7-validates-as-required wpcf7-text wpcf7-validates-as-email\" aria-required=\"true\" aria-invalid=\"false\" placeholder=\"Insira seu e-mail*\" value=\"\" type=\"email\" name=\"your-email\" \/><\/span> <\/label>\n\t<\/p>\n<\/div>\n<div class=\"one-half float-right\">\n\t<p><input class=\"wpcf7-form-control wpcf7-submit has-spinner\" type=\"submit\" value=\"Assinar\" \/>\n\t<\/p>\n<\/div><p style=\"display: none !important;\" class=\"akismet-fields-container\" data-prefix=\"_wpcf7_ak_\"><label>&#916;<textarea name=\"_wpcf7_ak_hp_textarea\" cols=\"45\" rows=\"8\" maxlength=\"100\"><\/textarea><\/label><input type=\"hidden\" id=\"ak_js_2\" name=\"_wpcf7_ak_js\" value=\"22\"\/><script>document.getElementById( \"ak_js_2\" ).setAttribute( \"value\", ( new Date() ).getTime() );<\/script><\/p><div class=\"wpcf7-response-output\" aria-hidden=\"true\"><\/div>\n<\/form>\n<\/div>\n\n\n\n\t\t<\/div>\n\t\t\t\t\n<style>\n#col-1073520495 > .col-inner {\n  padding: 0px 0px 0px 0px;\n  margin: 0px 0px -47px 0px;\n}\n<\/style>\n\t<\/div>\n\n\t\n\n<\/div>\n\n\t\t<\/div>\n\n\t\t\n<style>\n#section_1499045246 {\n  padding-top: 31px;\n  padding-bottom: 31px;\n}\n@media (min-width:550px) {\n  #section_1499045246 {\n    padding-top: 30px;\n    padding-bottom: 30px;\n  }\n}\n<\/style>\n\t<\/section>\n\t\n<style>@media only screen and (max-width: 600px){.one-half float-left, .one-half float-right{widht:100%;}}<\/style>\n","protected":false},"excerpt":{"rendered":"","protected":false},"author":1,"featured_media":0,"parent":0,"menu_order":0,"comment_status":"closed","ping_status":"closed","template":"page-blank.php","meta":{"_acf_changed":false,"footnotes":""},"class_list":["post-9865","page","type-page","status-publish","hentry"],"acf":[],"_links":{"self":[{"href":"https:\/\/vibragaming.com\/pt-br\/wp-json\/wp\/v2\/pages\/9865","targetHints":{"allow":["GET"]}}],"collection":[{"href":"https:\/\/vibragaming.com\/pt-br\/wp-json\/wp\/v2\/pages"}],"about":[{"href":"https:\/\/vibragaming.com\/pt-br\/wp-json\/wp\/v2\/types\/page"}],"author":[{"embeddable":true,"href":"https:\/\/vibragaming.com\/pt-br\/wp-json\/wp\/v2\/users\/1"}],"replies":[{"embeddable":true,"href":"https:\/\/vibragaming.com\/pt-br\/wp-json\/wp\/v2\/comments?post=9865"}],"version-history":[{"count":0,"href":"https:\/\/vibragaming.com\/pt-br\/wp-json\/wp\/v2\/pages\/9865\/revisions"}],"wp:attachment":[{"href":"https:\/\/vibragaming.com\/pt-br\/wp-json\/wp\/v2\/media?parent=9865"}],"curies":[{"name":"wp","href":"https:\/\/api.w.org\/{rel}","templated":true}]}}