{"id":4451,"date":"2020-11-04T20:56:04","date_gmt":"2020-11-04T23:56:04","guid":{"rendered":"https:\/\/vibragaming.com\/?page_id=4451"},"modified":"2024-04-09T12:19:06","modified_gmt":"2024-04-09T15:19:06","slug":"politica-de-privacidade","status":"publish","type":"page","link":"https:\/\/vibragaming.com\/pt-br\/politica-de-privacidade\/","title":{"rendered":"Pol\u00edtica de Privacidade"},"content":{"rendered":"\n\t<section class=\"section dark\" id=\"section_337307363\">\n\t\t<div class=\"section-bg fill\" >\n\t\t\t<img fetchpriority=\"high\" decoding=\"async\" width=\"1896\" height=\"1054\" src=\"https:\/\/vibragaming.com\/wp-content\/uploads\/2020\/06\/fondo.jpg\" class=\"bg attachment- size-\" alt=\"\" \/>\t\t\t\t\t\t<div class=\"section-bg-overlay absolute fill\"><\/div>\n\t\t\t\n\n\t\t<\/div>\n\n\t\t\n\n\t\t<div class=\"section-content relative\">\n\t\t\t\n<div class=\"row align-middle\" style=\"max-width:80%\" id=\"row-400998641\">\n\n\t<div id=\"col-1280610148\" class=\"col medium-8 small-12 large-7\"  >\n\t\t\t\t<div class=\"col-inner\"  >\n\t\t\t\n\t\t\t\n<h2 style=\"font-size: 3em;\"><strong>Pol\u00edtica de Privacidade<\/strong><\/h2>\n\t\t<\/div>\n\t\t\t\t\t<\/div>\n\n\t\n\n<style>\n#row-400998641 > .col > .col-inner {\n  padding: 45px 0px 0px 0px;\n}\n<\/style>\n<\/div>\n\t\t<\/div>\n\n\t\t\n<style>\n#section_337307363 {\n  padding-top: 30px;\n  padding-bottom: 30px;\n  min-height: 278px;\n}\n#section_337307363 .section-bg-overlay {\n  background-color: rgba(11, 21, 33, 0.35);\n}\n<\/style>\n\t<\/section>\n\t\n<div class=\"row\"  id=\"row-1942543912\">\n\n\t<div id=\"col-703303049\" class=\"col small-12 large-12\"  >\n\t\t\t\t<div class=\"col-inner\"  >\n\t\t\t\n\t\t\t\n\t<div id=\"text-4093566588\" class=\"text hidden\">\n\t\t\n<p><strong>POL\u00cdTICA DE PRIVACIDADE \u2013 VIBRA GAMING<\/strong><\/p>\n<p><strong>\u00a0<\/strong><\/p>\n<p><strong>Gest\u00e3o de informa\u00e7\u00e3o pessoal <\/strong><\/p>\n<p>Vibra Gaming protege a informa\u00e7\u00e3o pessoal em cumprimento da Legisla\u00e7\u00e3o de Prote\u00e7\u00e3o de Dados aplic\u00e1vel. Entendemos o valor do processamento correto e l\u00edcito dos dados pessoais para manter a confian\u00e7a em nossas opera\u00e7\u00f5es. Cumprimos de maneira estrita as normas estipuladas na legisla\u00e7\u00e3o em vigor.<\/p>\n<p><strong>\u00a0<\/strong><\/p>\n<p><strong>\u00bfQue \u00e9 considerado como \u201cDados Pessoais\u201d?<\/strong><\/p>\n<p>Definimos &#8220;Dados Pessoais&#8221; como qualquer informa\u00e7\u00e3o relacionada com uma pessoa f\u00edsica identificada ou identific\u00e1vel. Inclui identificadores \u00f3bvios como o nome, por\u00e9m tamb\u00e9m n\u00fameros de identifica\u00e7\u00e3o, identifica\u00e7\u00f5es online e\/ou um ou mais elementos espec\u00edficos da identidade f\u00edsica, fisiol\u00f3gica, gen\u00e9tica, mental, econ\u00f4mica, cultural ou social da pessoa. Os &#8220;Dados de Categoria Especial&#8221; incluem informa\u00e7\u00e3o que revela a origem racial ou de tipo \u00e9tnico, as cren\u00e7as pol\u00edticas, religiosas ou filos\u00f3ficas e os dados gen\u00e9ticos, biom\u00e9tricos e relativos \u00e0 sa\u00fade ou \u00e0 vida ou orienta\u00e7\u00e3o sexual de uma pessoa. Cada vez que visite o nosso site web, possa passar de uma p\u00e1gina para outra, leia publica\u00e7\u00f5es ou descarregue conte\u00fado em seu computador, vamos saber o que \u00e9 o que visita e que conte\u00fados descarrega. N\u00e3o obstante, isso \u00e9 medido s\u00f3 em conjunto e n\u00e3o de maneira individual. Quando envie um e-mail ou solicite que lhe respondam pelo e-mail, teremos seu endere\u00e7o de correio eletr\u00f4nico e a informa\u00e7\u00e3o que incluiu no formul\u00e1rio que \u00e9 mostrado em nosso site web. Cada vez que se postula a um posto ou nos envia seu C.V., sabemos todo o que tenha decidido incluir ali. Podemos compilar informa\u00e7\u00e3o adicional quando se comunique com n\u00f3s, se coloque em contato com nossa equipe de aten\u00e7\u00e3o ao cliente, ou responda alguma enquete.<\/p>\n<p><strong>\u00a0<\/strong><\/p>\n<p><strong>\u00bfQue informa\u00e7\u00e3o compilar?<\/strong><\/p>\n<p>Vibra valoriza o princ\u00edpio ou a transpar\u00eancia com rela\u00e7\u00e3o ao tipo de dados que compila e a raz\u00e3o pela qual o faz, de modo que os interessados possam tomar decis\u00f5es informadas sobre o interc\u00e2mbio e o processamento de sua informa\u00e7\u00e3o.<\/p>\n<p>Vibra compila dados com o fim de operar de maneira eficaz e melhorar os servi\u00e7os que oferece a empregados, fornecedores e operadores.<\/p>\n<table>\n<tbody>\n<tr>\n<td width=\"111\">\n<p><strong>Fonte de informa\u00e7\u00e3o<\/strong><\/p>\n<\/td>\n<td width=\"106\">\n<p><strong>Dados<\/strong><\/p>\n<\/td>\n<td width=\"63\">\n<p><strong>Controlador<\/strong><\/p>\n<\/td>\n<td width=\"109\">\n<p><strong>Prop\u00f3sito<\/strong><\/p>\n<\/td>\n<td width=\"107\">\n<p><strong>Per\u00edodo de reten\u00e7\u00e3o.<\/strong><\/p>\n<\/td>\n<td width=\"148\">\n<p><strong>Como deter a compila\u00e7\u00e3o ou eliminar seus dados<\/strong><\/p>\n<\/td>\n<\/tr>\n<tr>\n<td width=\"111\">\n<p>Vibragaming.com<\/p>\n<\/td>\n<td width=\"106\">\n<p>Todos os dados pessoais que voc\u00ea proporciona quando visita nosso site web e\/ou preenche formul\u00e1rios (Ex.: subscri\u00e7\u00f5es)<\/p>\n<\/td>\n<td width=\"63\">\n<p>Angaram SA<\/p>\n<\/td>\n<td width=\"109\">\n<p>Estabelecer e manter um fluxo de comunica\u00e7\u00e3o<\/p>\n<\/td>\n<td width=\"107\">\n<p>5 anos de arquivo para as solicita\u00e7\u00f5es de emprego<\/p>\n<\/td>\n<td width=\"148\">\n<p>Enviando um e-mail para: <a href=\"mailto:dataprotection@vibragaming.com\">dataprotection@vibragaming.com<\/a><\/p>\n<\/td>\n<\/tr>\n<tr>\n<td width=\"111\">\n<p><strong>E-mails enviados por voc\u00ea<\/strong><\/p>\n<\/td>\n<td width=\"106\">\n<p>Toda a correspond\u00eancia e\/ou comunica\u00e7\u00f5es que mantemos com voc\u00ea<\/p>\n<\/td>\n<td width=\"63\">\n<p>Angaram SA<\/p>\n<\/td>\n<td width=\"109\">\n<p>Contatar (Ex.: para enquetes, sugest\u00f5es, suporte, etc.)<\/p>\n<\/td>\n<td width=\"107\">\n<p>Para legitimar os interesses que persegue a Vibra Gaming, os e-mails ser\u00e3o processados e armazenados durante o tempo que a Vibra Gaming possa reclamar de modo l\u00edcito essa correspond\u00eancia; exceto que esses interesses sejam anulados de acordo com os direitos e liberdades fundamentais do sujeito dos dados.<\/p>\n<\/td>\n<td width=\"148\">\n<p>Enviando um e-mail para: <a href=\"mailto:dataprotection@vibragaming.com\">dataprotection@vibragaming.com<\/a><\/p>\n<\/td>\n<\/tr>\n<\/tbody>\n<\/table>\n<p><strong>\u00a0<\/strong><\/p>\n<p><strong>Pol\u00edtica de Privacidade:<\/strong><\/p>\n<p>N\u00e3o proporcionaremos, sem seu expresso consentimento, sua informa\u00e7\u00e3o pessoal a nenhum terceiro com o prop\u00f3sito de sua comercializa\u00e7\u00e3o direta ou a de qualquer outro terceiro, exceto em caso de ordem judici\u00e1ria ou quando voc\u00ea autorize a faz\u00ea-lo.<\/p>\n<p><strong>\u00a0<\/strong><\/p>\n<p><strong>Divulga\u00e7\u00e3o<\/strong><strong> de <\/strong><strong>informa\u00e7\u00e3o<\/strong> <strong>pessoal<\/strong><\/p>\n<p>Poderemos divulgar sua informa\u00e7\u00e3o pessoal a nossos empregados, diretivos, corretor de seguros, assessores profissionais, agentes, fornecedores ou subempreiteiros na medida em que seja razoavelmente necess\u00e1rio para os fins estabelecidos na presente pol\u00edtica.<\/p>\n<p>Poderemos divulgar sua informa\u00e7\u00e3o pessoal para membros de nosso grupo de empresas (quer dizer, para nossas subsidi\u00e1rias, casa matriz e todas suas afiliadas) na medida em que seja razoavelmente necess\u00e1rio para os fins estabelecidos na presente pol\u00edtica.<\/p>\n<p>Poderemos divulgar sua informa\u00e7\u00e3o pessoal:\u00a0<\/p>\n<p>\u2013 na medida em que nos seja ordenado por lei;\u00a0<br \/>\u2013 em rela\u00e7\u00e3o com processos legais em curso ou futuros;\u00a0<br \/>\u2013 a fim de estabelecer, exercer ou defender os nossos direitos legais (incluindo o fornecimento de informa\u00e7\u00e3o a terceiros, aos fins da preven\u00e7\u00e3o de fraudes e da redu\u00e7\u00e3o de riscos credit\u00edcios);<br \/>\u2013 ao comprador (ou potencial comprador) de qualquer neg\u00f3cio ou ativo que vendamos (ou tenhamos a inten\u00e7\u00e3o de vender); e\u00a0<br \/>\u2013 a qualquer pessoa que supomos, de maneira razo\u00e1vel, que pode solicitar a um tribunal ou outra autoridade competente a divulga\u00e7\u00e3o de dita informa\u00e7\u00e3o pessoal e quando, em nossa opini\u00e3o, seja prov\u00e1vel que dito tribunal ou autoridade ordene essa divulga\u00e7\u00e3o.<\/p>\n<p><strong>Salvo pelo estabelecido na presente pol\u00edtica, n\u00e3o iremos a fornecer sua informa\u00e7\u00e3o pessoal para terceiros. <\/strong><\/p>\n<p><strong>Garantia de que sua informa\u00e7\u00e3o pessoal est\u00e1 segura e \u00e9 correta.<\/strong><\/p>\n<p>Vibra garante que a informa\u00e7\u00e3o de nossos sistemas inform\u00e1ticos est\u00e1 segura, para ser protegida contra o processamento n\u00e3o autorizado ou ilegal, ou contra perdas acidentais, destrui\u00e7\u00e3o ou dano dos dados pessoais.<\/p>\n<p>Vibra unicamente compila e registra a informa\u00e7\u00e3o pessoal necess\u00e1ria para levar a cabo suas fun\u00e7\u00f5es. Enquanto seja razo\u00e1vel e oportuno, Vibra verificar\u00e1 que a informa\u00e7\u00e3o pessoal que seja compilada e registrada seja correta.<\/p>\n<p><strong>\u00a0<\/strong><\/p>\n<p><strong>Seguran\u00e7a de informa\u00e7\u00e3o pessoal <\/strong><\/p>\n<p>Mantemos medidas de seguran\u00e7a t\u00e9cnicas, f\u00edsicas e administrativas desenhadas para proporcionar uma prote\u00e7\u00e3o razo\u00e1vel de seus Dados Pessoais contra perdas, usos indevidos, acessos n\u00e3o autorizados, divulga\u00e7\u00e3o e altera\u00e7\u00e3o.<\/p>\n<p>As medidas de seguran\u00e7a incluem firewalls, criptografar dados, controles de acesso f\u00edsico para nossos centros de dados, assim como tamb\u00e9m controles de autoriza\u00e7\u00e3o de acesso \u00e0 informa\u00e7\u00e3o. N\u00e3o n\u00f3s fazemos respons\u00e1veis da prote\u00e7\u00e3o dos Dados Pessoais que compartilhamos com terceiros em virtude de alguma conex\u00e3o de conta que voc\u00ea tenha autorizado.<\/p>\n<p>Voc\u00ea reconhece que a transmiss\u00e3o de informa\u00e7\u00e3o atrav\u00e9s da Internet \u00e9 intrinsecamente insegura, raz\u00e3o pela qual n\u00e3o podemos garantir a seguran\u00e7a dos dados enviados por Internet.<\/p>\n<p>\u00a0<\/p>\n<p><strong>Conhe\u00e7a seus direitos:<\/strong><\/p>\n<p>Como \u00e9 detalhado na Legisla\u00e7\u00e3o de Prote\u00e7\u00e3o de Dados aplic\u00e1vel, cada Sujeito de Dados goza de uma s\u00e9rie de direitos.<\/p>\n<p>De conformidade com esses direitos e a solicitude, Vibra:<\/p>\n<p>\u2013 V\u00e1 fornecer de todos os dados que tenha com rela\u00e7\u00e3o a sua pessoa, num formato de leitura eletr\u00f4nica;<br \/>\u2013 V\u00e1 fornecer o acesso a todos os dados que tenha com rela\u00e7\u00e3o a sua pessoa, junto com detalhes das raz\u00f5es pelas quais possui esses dados;<br \/>\u2013 V\u00e1 retificar a informa\u00e7\u00e3o relativa com sua pessoa que seja considerada incorreta;<br \/>\u2013 Salvo requerimento legal de continuar fazendo-o, ir\u00e1 cessar ou, de acordo com o que \u00a0corresponder, ir\u00e1 restringir o processamento dos dados relativos com sua pessoa;<br \/>\u2013 Eliminar\u00e1 de seus sistemas todos os registros relativos com sua pessoa, sempre e quando n\u00e3o exista uma raz\u00e3o legal para conserv\u00e1-los. Em caso de que exista uma raz\u00e3o legal, lhe informaremos e lhe brindaremos detalhes a respeito de quanto tempo nos exigem conservar seus dados.<\/p>\n<p><strong>\u00a0<\/strong><\/p>\n<p><strong>Exer\u00e7a seus direitos<\/strong><\/p>\n<p>Caso deseje exercer algum dos direitos, deve ser solicitado por escrito, facilitando seus dados de contato. Uma vez que tenha apresentado uma solicitude, poderemos colocar-nos em contato com voc\u00ea para verificar sua identidade. A solicita\u00e7\u00e3o deve ser enviada para:<\/p>\n<p>dataprotection@vibragaming.com<\/p>\n<p><strong>\u00a0<\/strong><\/p>\n<p><strong>Prote\u00e7\u00e3o<\/strong><strong> infantil <\/strong><\/p>\n<p>O Site est\u00e1 destinado para usu\u00e1rios maiores de idade no pa\u00eds desde o qual acedem. N\u00e3o compilamos com conhecimento de causa nenhuma informa\u00e7\u00e3o pessoal de menores de 18 anos. Caso evidenciemos que temos recebido de modo involunt\u00e1rio informa\u00e7\u00e3o pessoal de qualquer pessoa menor de 18 anos, vamos a eliminar dita informa\u00e7\u00e3o de nossos registros sem atraso.<\/p>\n<p><strong>\u00a0<\/strong><\/p>\n<p><strong>Uso de Cookies<\/strong><\/p>\n<p>Nosso site web utiliza cookies. Uma cookie \u00e9 um arquivo que cont\u00e9m um identificador (uma sequ\u00eancia de letras e n\u00fameros) que \u00e9 enviado por um servidor web para um navegador web e \u00e9 armazenado por ele. \u00a0O identificador devolve para o servidor cada vez que o navegador solicite uma p\u00e1gina do servidor.<\/p>\n<p>As cookies podem ser &#8220;permanentes&#8221; ou &#8220;de sess\u00e3o&#8221;: uma cookie permanente ser\u00e1 armazenada por um navegador de Internet e ser\u00e1 v\u00e1lida at\u00e9 sua data de vencimento, a menos que o usu\u00e1rio a apague antes dessa data; uma cookie de sess\u00e3o, ao contr\u00e1rio, caducar\u00e1 no final da sess\u00e3o do usu\u00e1rio, quando seja fechado o navegador de Internet.<\/p>\n<p>As cookies n\u00e3o acostumam conter nenhuma informa\u00e7\u00e3o que identifique de modo pessoal a um usu\u00e1rio, por\u00e9m os dados pessoais que guardamos sobre sua pessoa podem ser vinculados \u00e0 informa\u00e7\u00e3o armazenada e obtida com o uso de cookies.<\/p>\n<p>Utilizamos tanto cookies de sess\u00e3o quanto cookies permanentes em nosso site web.<\/p>\n<p>A seguir s\u00e3o indicados os detalhes das cookies que utilizamos em nosso site web e aos fins para os quais s\u00e3o utilizadas:<\/p>\n<p>(a) utilizamos cookies de rastreamento em nosso site web para reconhecer um computador quando um usu\u00e1rio visita o site web \/ rastreamento dos usu\u00e1rios enquanto navega pelo site web \/ melhorar a utiliza\u00e7\u00e3o do site web \/ analisar o uso do site web \/ administrar o site web \/ prevenir a fraude e melhorar a seguran\u00e7a do site web \/ personalizar o site web para cada usu\u00e1rio \/ destinar an\u00fancios que possam ser de particular interesse para usu\u00e1rios espec\u00edficos.<\/p>\n<p>A maioria dos navegadores permite rejeitar as cookies, por exemplo:<\/p>\n<p>(a) na Internet Explorer, podem ser bloqueadas as cookies mediante a configura\u00e7\u00e3o de anula\u00e7\u00e3o de gest\u00e3o de cookies dispon\u00edvel em &#8220;Ferramentas&#8221;, &#8220;Op\u00e7\u00f5es de Internet&#8221;, &#8220;Privacidade&#8221;, e depois, \u201cAvan\u00e7adas&#8221;;<\/p>\n<p>(b) em Firefox, podem ser bloqueadas todas as cookies fazendo click em &#8220;Ferramentas&#8221;, &#8220;Op\u00e7\u00f5es&#8221;, &#8220;Privacidade&#8221;, selecionando &#8220;Usar configura\u00e7\u00e3o personalizada para o hist\u00f3rico&#8221; no menu descendente, e desativando &#8220;Aceitar cookies de sites&#8221;;<\/p>\n<p>(c) em Chrome, podem ser bloqueadas todas as cookies mediante o menu &#8220;Personalizar e controlar&#8221;, selecionando &#8220;Configura\u00e7\u00e3o&#8221;, &#8220;Mostrar configura\u00e7\u00e3o avan\u00e7ada&#8221; e &#8220;Configura\u00e7\u00e3o de conte\u00fado&#8221;, e depois marcando &#8220;Bloquear sites para que n\u00e3o configurem nenhum dado&#8221; sob o t\u00edtulo &#8220;Cookies&#8221;.<\/p>\n<p>O bloqueio de todas as cookies v\u00e1 ter um impacto negativo no uso de muitos sites web. Caso estejam bloqueadas as cookies, n\u00e3o se poder\u00e3o utilizar todas as fun\u00e7\u00f5es de nosso site web.\u00a0<\/p>\n<p>Podem ser eliminadas as cookies que j\u00e1 ficam armazenadas no computador, por exemplo:<\/p>\n<p>(a) em Internet Explorer, devem ser eliminados em forma manual os arquivos de cookies (as instru\u00e7\u00f5es para faz\u00ea-lo se encontram em http:\/\/support.microsoft.com\/kb\/278835)<\/p>\n<p>(b) em Firefox, podem ser eliminadas as cookies selecionando &#8220;Ferramentas&#8221;, &#8220;Op\u00e7\u00f5es&#8221; e &#8220;Privacidade&#8221;, depois &#8220;Usar a configura\u00e7\u00e3o personalizada do hist\u00f3rico&#8221;, &#8220;Mostrar cookies&#8221; e &#8220;Eliminar todas as cookies&#8221;; e<\/p>\n<p>(c) em Chrome, podem ser eliminadas todas as cookies ao aceder ao menu &#8220;Personalizar e controlar&#8221; e fazer click em &#8220;Configura\u00e7\u00e3o&#8221;, &#8220;Mostrar configura\u00e7\u00e3o avan\u00e7ada&#8221; e &#8220;Apagar dados de navega\u00e7\u00e3o&#8221;, e depois selecionar &#8220;Apagar cookies e outros dados de sites e plug-ins&#8221; antes de fazer click em &#8220;Apagar dados de navega\u00e7\u00e3o&#8221;.<\/p>\n<p>O bloqueio de todas as cookies ter\u00e1 um impacto negativo no uso de muitos sites web.<\/p>\n<p><strong>Caso decidamos modificar a presente Pol\u00edtica de <\/strong><strong>Privacidade<\/strong><strong>, o informaremos publicando a Pol\u00edtica de <\/strong><strong>Privacidade<\/strong> <strong>conferida no <\/strong><strong>Site<\/strong><strong>. <\/strong><strong>Essas mudan\u00e7as entrar\u00e3o em vig\u00eancia na data de revis\u00e3o correspondente indicada na Pol\u00edtica de Privacidade conferida.<\/strong><\/p>\n<p><strong>\u00a0<\/strong><\/p>\n<p>\u00a0<\/p>\n\t\t\t<\/div>\n\t\n<h3><b>1- Informa\u00e7\u00f5es Gerais<\/b><\/h3>\n<p><span style=\"font-weight: 400;\">A informa\u00e7\u00e3o disponibilizada neste site \u00e9 dirigida a pessoas que tenham atingido a maioridade e que n\u00e3o estejam proibidas de aceder a este site nos termos da lei aplic\u00e1vel em sua cidadania, resid\u00eancia tempor\u00e1ria ou permanente. Ao utilizar este site, voc\u00ea reconhece que \u00e9 maior de idade e, portanto, respons\u00e1vel o suficiente para navegar, isentando assim a Vibra de qualquer responsabilidade a esse respeito.<\/span><\/p>\n<p><span style=\"font-weight: 400;\">Este site tem fins informativos e de marketing e destina-se a pessoas ou entidades que n\u00e3o estejam proibidas de acess\u00e1-lo de acordo com a legisla\u00e7\u00e3o aplic\u00e1vel \u00e0 sua cidadania, domic\u00edlio ou resid\u00eancia.<\/span><\/p>\n<p><span style=\"font-weight: 400;\">As informa\u00e7\u00f5es coletadas neste site n\u00e3o se destinam \u00e0 distribui\u00e7\u00e3o, uso ou acesso por qualquer pessoa ou entidade em qualquer jurisdi\u00e7\u00e3o ou pa\u00eds onde tal distribui\u00e7\u00e3o, uso ou acesso sujeitaria a Vibra a quaisquer requisitos adicionais de registro ou licenciamento, ou quaisquer outras penalidades dentro dessa jurisdi\u00e7\u00e3o ou pa\u00eds.<\/span><\/p>\n<h3><b>2- Direitos de propriedade intelectual<\/b><\/h3>\n<p><span style=\"font-weight: 400;\">Ao utilizar este site, voc\u00ea reconhece que \u00e9 nossa propriedade, e que todos os c\u00f3digos fonte, banco de dados, funcionalidade, software, web design, \u00e1udio, texto, fotografia, gr\u00e1fico, jogo, c\u00f3digo compilado, t\u00edtulo, tema, personagem, nome de personagem, voz de personagem, di\u00e1logo, frase feita, conceito, anima\u00e7\u00e3o, som, composi\u00e7\u00e3o musical, efeito visual ou de som, informa\u00e7\u00e3o de perfil de personagem, texto, logotipo, \u00e9 de nossa propriedade ou se encontra sob nosso controle ou nossa licen\u00e7a, e est\u00e1 protegido por leis de direitos autorais, marcas e outros direitos de propriedade intelectual, bem como de concorr\u00eancia desleal. Qualquer tipo de explora\u00e7\u00e3o dos direitos de propriedade intelectual da Vibra requer a aprova\u00e7\u00e3o pr\u00e9via e por escrito da Vibra.<\/span><\/p>\n<p><span style=\"font-weight: 400;\">O c\u00f3digo-fonte subjacente, software e outros direitos de propriedade como os jogos publicados no site e as diversas solu\u00e7\u00f5es oferecidas (V-Casino, V-Sportsbook, V-RGS e V-EGM) s\u00e3o de nossa propriedade ou foram concedidos sob licen\u00e7a. Reservamo-nos todos os direitos, incluindo todos os direitos de propriedade intelectual ou outros direitos de propriedade, em rela\u00e7\u00e3o ao Site.<\/span><\/p>\n<p><span style=\"font-weight: 400;\">Ao utilizar este site, voc\u00ea reconhece que n\u00e3o est\u00e1 autorizado a reproduzir ou copiar seu conte\u00fado sem nosso consentimento expresso por escrito. Nenhum direito \u00e9 concedido para usar ou reproduzir marcas comerciais, nomes comerciais ou logotipos, e t\u00e9cnicas de captura n\u00e3o devem ser usadas para obter marcas, logotipos ou outras informa\u00e7\u00f5es de propriedade (incluindo imagens, textos, designs de p\u00e1gina ou formul\u00e1rios) deste site.<\/span><\/p>\n<h3><b>2.1- Marcas<\/b><\/h3>\n<p><span style=\"font-weight: 400;\">O nome de dom\u00ednio, nomes de servi\u00e7os, nome comercial e logotipo do site s\u00e3o de propriedade exclusiva da Vibra e s\u00e3o nomes comerciais registrados, marcas comerciais e\/ou direitos de propriedade intelectual exclusivos da Vibra (ou sob licen\u00e7a da Vibra) registrados ou registr\u00e1veis. Nenhum direito \u00e9 concedido para usar ou reproduzir nomes comerciais, marcas registradas ou logotipos, a menos que seja especificamente permitido por escrito pelo propriet\u00e1rio de tais direitos. Qualquer descumprimento deste requisito estar\u00e1 sujeito \u00e0s a\u00e7\u00f5es legais correspondentes.<\/span><\/p>\n\t\t<\/div>\n\t\t\t\t\n<style>\n#col-703303049 > .col-inner {\n  padding: 0px 20px 0px 20px;\n}\n@media (min-width:550px) {\n  #col-703303049 > .col-inner {\n    padding: 0px 20px 0px 20px;\n  }\n}\n<\/style>\n\t<\/div>\n\n\t\n<\/div>\n","protected":false},"excerpt":{"rendered":"","protected":false},"author":2,"featured_media":0,"parent":0,"menu_order":0,"comment_status":"closed","ping_status":"closed","template":"page-blank.php","meta":{"_acf_changed":false,"footnotes":""},"class_list":["post-4451","page","type-page","status-publish","hentry"],"acf":[],"_links":{"self":[{"href":"https:\/\/vibragaming.com\/pt-br\/wp-json\/wp\/v2\/pages\/4451","targetHints":{"allow":["GET"]}}],"collection":[{"href":"https:\/\/vibragaming.com\/pt-br\/wp-json\/wp\/v2\/pages"}],"about":[{"href":"https:\/\/vibragaming.com\/pt-br\/wp-json\/wp\/v2\/types\/page"}],"author":[{"embeddable":true,"href":"https:\/\/vibragaming.com\/pt-br\/wp-json\/wp\/v2\/users\/2"}],"replies":[{"embeddable":true,"href":"https:\/\/vibragaming.com\/pt-br\/wp-json\/wp\/v2\/comments?post=4451"}],"version-history":[{"count":0,"href":"https:\/\/vibragaming.com\/pt-br\/wp-json\/wp\/v2\/pages\/4451\/revisions"}],"wp:attachment":[{"href":"https:\/\/vibragaming.com\/pt-br\/wp-json\/wp\/v2\/media?parent=4451"}],"curies":[{"name":"wp","href":"https:\/\/api.w.org\/{rel}","templated":true}]}}