{"id":4401,"date":"2020-11-04T11:35:15","date_gmt":"2020-11-04T14:35:15","guid":{"rendered":"https:\/\/vibragaming.com\/?page_id=4401"},"modified":"2020-11-10T13:01:53","modified_gmt":"2020-11-10T16:01:53","slug":"v-sportsbook","status":"publish","type":"page","link":"https:\/\/vibragaming.com\/pt-br\/produtos\/v-sportsbook\/","title":{"rendered":"V-Sportsbook"},"content":{"rendered":"\n\n\t<section class=\"section negro-deg product-font hide-for-medium\" id=\"section_1200774227\">\n\t\t<div class=\"section-bg fill\" >\n\t\t\t<img fetchpriority=\"high\" decoding=\"async\" width=\"1896\" height=\"870\" src=\"https:\/\/vibragaming.com\/wp-content\/uploads\/2020\/07\/home-platform-background.png\" class=\"bg attachment- size-\" alt=\"\" \/>\t\t\t\t\t\t\n\t\t\t\n\n\t\t<\/div>\n\n\t\t\n\n\t\t<div class=\"section-content relative\">\n\t\t\t\n\n<div class=\"row row-collapse align-middle row-general\" style=\"max-width:80%\" id=\"row-1372753785\">\n\n\n\t<div id=\"col-408817617\" class=\"col medium-6 small-12 large-6\"  >\n\t\t\t\t<div class=\"col-inner\"  >\n\t\t\t\n\t\t\t\n\n<h2 class=\"uppercase\" style=\"margin-bottom: 0px;\"><strong>VSolutions Sportsbook<\/span><\/strong><\/h2>\n<h3 style=\"font-size: 2em;\"><strong>Mais de 400.000 eventos por ano<\/span><\/strong><\/h3>\n<p style=\"text-align: left; font-size: 1.2em; line-height: 1.3em;\"><span style=\"font-weight: 400;\">V-Sportsbook \u00e9 uma plataforma de apostas esportivas da pr\u00f3xima gera\u00e7\u00e3o. Com o uso de nossa solu\u00e7\u00e3o, os clientes ter\u00e3o acesso a mais de 400.000 eventos por ano e mais de 40 esportes.\n<\/span><\/p>\n\n\t\t<\/div>\n\t\t\t\t\n<style>\n#col-408817617 > .col-inner {\n  margin: 0px 0px 0 0px;\n}\n<\/style>\n\t<\/div>\n\n\t\n\n\t<div id=\"col-1768501616\" class=\"col medium-6 small-12 large-6\"  >\n\t\t\t\t<div class=\"col-inner text-right\"  >\n\t\t\t\n\t\t\t\n\n\t<div class=\"img has-hover x md-x lg-x y md-y lg-y\" id=\"image_2081050506\">\n\t\t\t\t\t\t\t\t<div class=\"img-inner dark\" >\n\t\t\t<img decoding=\"async\" width=\"2503\" height=\"2212\" src=\"https:\/\/vibragaming.com\/wp-content\/uploads\/2020\/07\/sport_betting.png\" class=\"attachment-original size-original\" alt=\"\" srcset=\"https:\/\/vibragaming.com\/wp-content\/uploads\/2020\/07\/sport_betting.png 2503w, https:\/\/vibragaming.com\/wp-content\/uploads\/2020\/07\/sport_betting-453x400.png 453w, https:\/\/vibragaming.com\/wp-content\/uploads\/2020\/07\/sport_betting-905x800.png 905w, https:\/\/vibragaming.com\/wp-content\/uploads\/2020\/07\/sport_betting-768x679.png 768w, https:\/\/vibragaming.com\/wp-content\/uploads\/2020\/07\/sport_betting-1536x1357.png 1536w, https:\/\/vibragaming.com\/wp-content\/uploads\/2020\/07\/sport_betting-2048x1810.png 2048w\" sizes=\"(max-width: 2503px) 100vw, 2503px\" \/>\t\t\t\t\t\t\n\t\t\t\t\t<\/div>\n\t\t\t\t\t\t\t\t\n<style>\n#image_2081050506 {\n  width: 96%;\n}\n<\/style>\n\t<\/div>\n\t\n\n\n\t\t<\/div>\n\t\t\t\t\n<style>\n#col-1768501616 > .col-inner {\n  padding: 0px 0px 0 0px;\n  margin: 0px 0px 0 0px;\n}\n<\/style>\n\t<\/div>\n\n\t\n\n\n<style>\n#row-1372753785 > .col > .col-inner {\n  padding: 0px 0 0px 0px;\n}\n<\/style>\n<\/div>\n\n\t\t<\/div>\n\n\t\t\n<style>\n#section_1200774227 {\n  padding-top: 65px;\n  padding-bottom: 65px;\n}\n<\/style>\n\t<\/section>\n\t\n\n\t<section class=\"section negro-deg product-font show-for-medium\" id=\"section_363739081\">\n\t\t<div class=\"section-bg fill\" >\n\t\t\t<img fetchpriority=\"high\" decoding=\"async\" width=\"1896\" height=\"870\" src=\"https:\/\/vibragaming.com\/wp-content\/uploads\/2020\/07\/home-platform-background.png\" class=\"bg attachment- size-\" alt=\"\" \/>\t\t\t\t\t\t\n\t\t\t\n\n\t\t<\/div>\n\n\t\t\n\n\t\t<div class=\"section-content relative\">\n\t\t\t\n\n<div class=\"row row-collapse row-full-width align-middle\"  id=\"row-668264046\">\n\n\n\t<div id=\"col-1633333666\" class=\"col medium-6 small-12 large-6\"  >\n\t\t\t\t<div class=\"col-inner\"  >\n\t\t\t\n\t\t\t\n\n<h2 class=\"uppercase\" style=\"margin-bottom: 0px;\"><strong>VSolutions Sportsbook<\/span><\/strong><\/h2>\n<h3 style=\"font-size: 2em;\"><strong>Mais de 400.000 eventos por ano<\/span><\/strong><\/h3>\n<p style=\"text-align: left; font-size: 1.2em; line-height: 1.3em;\"><span style=\"font-weight: 400;\">V-Sportsbook \u00e9 uma plataforma de apostas esportivas da pr\u00f3xima gera\u00e7\u00e3o. Com o uso de nossa solu\u00e7\u00e3o, os clientes ter\u00e3o acesso a mais de 400.000 eventos por ano e mais de 40 esportes.\n<\/span><\/p>\n\n\t\t<\/div>\n\t\t\t\t\n<style>\n#col-1633333666 > .col-inner {\n  margin: 0px 0px 0 0px;\n}\n<\/style>\n\t<\/div>\n\n\t\n\n\t<div id=\"col-186790120\" class=\"col medium-6 small-12 large-6\"  >\n\t\t\t\t<div class=\"col-inner text-right\"  >\n\t\t\t\n\t\t\t\n\n\t<div class=\"img has-hover x md-x lg-x y md-y lg-y\" id=\"image_89250204\">\n\t\t\t\t\t\t\t\t<div class=\"img-inner dark\" >\n\t\t\t<img decoding=\"async\" width=\"2503\" height=\"2212\" src=\"https:\/\/vibragaming.com\/wp-content\/uploads\/2020\/07\/sport_betting.png\" class=\"attachment-original size-original\" alt=\"\" srcset=\"https:\/\/vibragaming.com\/wp-content\/uploads\/2020\/07\/sport_betting.png 2503w, https:\/\/vibragaming.com\/wp-content\/uploads\/2020\/07\/sport_betting-453x400.png 453w, https:\/\/vibragaming.com\/wp-content\/uploads\/2020\/07\/sport_betting-905x800.png 905w, https:\/\/vibragaming.com\/wp-content\/uploads\/2020\/07\/sport_betting-768x679.png 768w, https:\/\/vibragaming.com\/wp-content\/uploads\/2020\/07\/sport_betting-1536x1357.png 1536w, https:\/\/vibragaming.com\/wp-content\/uploads\/2020\/07\/sport_betting-2048x1810.png 2048w\" sizes=\"(max-width: 2503px) 100vw, 2503px\" \/>\t\t\t\t\t\t\n\t\t\t\t\t<\/div>\n\t\t\t\t\t\t\t\t\n<style>\n#image_89250204 {\n  width: 96%;\n}\n<\/style>\n\t<\/div>\n\t\n\n\n\t\t<\/div>\n\t\t\t\t\n<style>\n#col-186790120 > .col-inner {\n  padding: 0px 0px 0 0px;\n  margin: 0px 0px 0 0px;\n}\n<\/style>\n\t<\/div>\n\n\t\n\n\n<style>\n#row-668264046 > .col > .col-inner {\n  padding: 0px 0 0px 0px;\n}\n<\/style>\n<\/div>\n\n\t\t<\/div>\n\n\t\t\n<style>\n#section_363739081 {\n  padding-top: 65px;\n  padding-bottom: 65px;\n}\n<\/style>\n\t<\/section>\n\t\n\n\t<section class=\"section negro-deg product-font hide-for-medium\" id=\"section_2096551974\">\n\t\t<div class=\"section-bg fill\" >\n\t\t\t\t\t\t\t\t\t\n\t\t\t\n\n\t\t<\/div>\n\n\t\t\n\n\t\t<div class=\"section-content relative\">\n\t\t\t\n\n<div class=\"row row-collapse align-middle row-general\" style=\"max-width:80%\" id=\"row-2041457009\">\n\n\n\t<div id=\"col-655871792\" class=\"col medium-6 small-12 large-6\"  >\n\t\t\t\t<div class=\"col-inner text-left\"  >\n\t\t\t\n\t\t\t\n\n\t<div class=\"img has-hover x md-x lg-x y md-y lg-y\" id=\"image_186149607\">\n\t\t\t\t\t\t\t\t<div class=\"img-inner dark\" >\n\t\t\t<img decoding=\"async\" width=\"2677\" height=\"2412\" src=\"https:\/\/vibragaming.com\/wp-content\/uploads\/2020\/07\/sport_betting-2.png\" class=\"attachment-original size-original\" alt=\"\" srcset=\"https:\/\/vibragaming.com\/wp-content\/uploads\/2020\/07\/sport_betting-2.png 2677w, https:\/\/vibragaming.com\/wp-content\/uploads\/2020\/07\/sport_betting-2-444x400.png 444w, https:\/\/vibragaming.com\/wp-content\/uploads\/2020\/07\/sport_betting-2-888x800.png 888w, https:\/\/vibragaming.com\/wp-content\/uploads\/2020\/07\/sport_betting-2-768x692.png 768w, https:\/\/vibragaming.com\/wp-content\/uploads\/2020\/07\/sport_betting-2-1536x1384.png 1536w, https:\/\/vibragaming.com\/wp-content\/uploads\/2020\/07\/sport_betting-2-2048x1845.png 2048w\" sizes=\"(max-width: 2677px) 100vw, 2677px\" \/>\t\t\t\t\t\t\n\t\t\t\t\t<\/div>\n\t\t\t\t\t\t\t\t\n<style>\n#image_186149607 {\n  width: 90%;\n}\n<\/style>\n\t<\/div>\n\t\n\n\n\t\t<\/div>\n\t\t\t\t\n<style>\n#col-655871792 > .col-inner {\n  padding: 0px 0px 0 0px;\n  margin: 0px 0px 0 0px;\n}\n<\/style>\n\t<\/div>\n\n\t\n\n\t<div id=\"col-1807725045\" class=\"col medium-6 small-12 large-6\"  >\n\t\t\t\t<div class=\"col-inner\"  >\n\t\t\t\n\t\t\t\n\n<h2 class=\"uppercase\" style=\"margin-bottom: 0px;\"><strong>TOTALMENTE CUSTOMIZ\u00c1VEL\n <\/strong><\/h2>\n<h3 style=\"font-size: 2em;\"><strong>Gama completa de servi\u00e7os de apostas\n<\/strong><\/h3>\n<p style=\"text-align: left; font-size: 1.2em; line-height: 1.3em;\"><span style=\"font-weight: 400;\">A plataforma oferece uma solu\u00e7\u00e3o para os operadores, permitindo uma f\u00e1cil implementa\u00e7\u00e3o e lan\u00e7amento r\u00e1pido, incorporando toda a nossa gama de servi\u00e7os de apostas. \u00c9 totalmente personaliz\u00e1vel e oferece a capacidade de integra\u00e7\u00e3o com os sistemas existentes para atender \u00e0s necessidades espec\u00edficas de qualquer cliente.<\/span><\/p>\n<p style=\"text-align: left; font-size: 1.2em; line-height: 1.3em;\"><span style=\"font-weight: 400;\">Nossa plataforma de apostas esportivas oferece uma grande variedade de ferramentas com funcionalidade not\u00e1vel, permitindo que as empresas comecem a operar do zero rapidamente. Essas ferramentas incluem v\u00e1rios plug-ins projetados para rastrear probabilidades, gerenciar recursos da web e coletar e analisar dados, al\u00e9m de um front-end moderno e sistemas de b\u00f4nus configur\u00e1veis.<\/span><\/p>\n\n\t\t<\/div>\n\t\t\t\t\n<style>\n#col-1807725045 > .col-inner {\n  margin: 0px 0px 0 0px;\n}\n<\/style>\n\t<\/div>\n\n\t\n\n\n<style>\n#row-2041457009 > .col > .col-inner {\n  padding: 0px 0 0px 0px;\n}\n<\/style>\n<\/div>\n\n\t\t<\/div>\n\n\t\t\n<style>\n#section_2096551974 {\n  padding-top: 65px;\n  padding-bottom: 65px;\n  background-color: rgb(45, 45, 45);\n}\n<\/style>\n\t<\/section>\n\t\n\n\t<section class=\"section negro-deg product-font show-for-medium\" id=\"section_699786850\">\n\t\t<div class=\"section-bg fill\" >\n\t\t\t\t\t\t\t\t\t\n\t\t\t\n\n\t\t<\/div>\n\n\t\t\n\n\t\t<div class=\"section-content relative\">\n\t\t\t\n\n<div class=\"row row-collapse row-full-width align-middle\"  id=\"row-64044100\">\n\n\n\t<div id=\"col-1485826869\" class=\"col medium-12 small-12 large-6\"  >\n\t\t\t\t<div class=\"col-inner text-center\"  >\n\t\t\t\n\t\t\t\n\n\t<div class=\"img has-hover show-for-small x md-x lg-x y md-y lg-y\" id=\"image_1177644404\">\n\t\t\t\t\t\t\t\t<div class=\"img-inner dark\" >\n\t\t\t<img decoding=\"async\" width=\"2677\" height=\"2412\" src=\"https:\/\/vibragaming.com\/wp-content\/uploads\/2020\/07\/sport_betting-2.png\" class=\"attachment-original size-original\" alt=\"\" srcset=\"https:\/\/vibragaming.com\/wp-content\/uploads\/2020\/07\/sport_betting-2.png 2677w, https:\/\/vibragaming.com\/wp-content\/uploads\/2020\/07\/sport_betting-2-444x400.png 444w, https:\/\/vibragaming.com\/wp-content\/uploads\/2020\/07\/sport_betting-2-888x800.png 888w, https:\/\/vibragaming.com\/wp-content\/uploads\/2020\/07\/sport_betting-2-768x692.png 768w, https:\/\/vibragaming.com\/wp-content\/uploads\/2020\/07\/sport_betting-2-1536x1384.png 1536w, https:\/\/vibragaming.com\/wp-content\/uploads\/2020\/07\/sport_betting-2-2048x1845.png 2048w\" sizes=\"(max-width: 2677px) 100vw, 2677px\" \/>\t\t\t\t\t\t\n\t\t\t\t\t<\/div>\n\t\t\t\t\t\t\t\t\n<style>\n#image_1177644404 {\n  width: 100%;\n}\n@media (min-width:550px) {\n  #image_1177644404 {\n    width: 56%;\n  }\n}\n@media (min-width:850px) {\n  #image_1177644404 {\n    width: 90%;\n  }\n}\n<\/style>\n\t<\/div>\n\t\n\n\n\t\t<\/div>\n\t\t\t\t\n<style>\n#col-1485826869 > .col-inner {\n  padding: 0px 0px 0 0px;\n  margin: 0px 0px 0 0px;\n}\n<\/style>\n\t<\/div>\n\n\t\n\n\t<div id=\"col-271193419\" class=\"col medium-12 small-12 large-6\"  >\n\t\t\t\t<div class=\"col-inner\"  >\n\t\t\t\n\t\t\t\n\n<h2 class=\"uppercase\" style=\"margin-bottom: 0px;\"><strong>TOTALMENTE CUSTOMIZ\u00c1VEL\n <\/strong><\/h2>\n<h3 style=\"font-size: 2em;\"><strong>Gama completa de servi\u00e7os de apostas\n<\/strong><\/h3>\n<p style=\"text-align: left; font-size: 1.2em; line-height: 1.3em;\"><span style=\"font-weight: 400;\">A plataforma oferece uma solu\u00e7\u00e3o para os operadores, permitindo uma f\u00e1cil implementa\u00e7\u00e3o e lan\u00e7amento r\u00e1pido, incorporando toda a nossa gama de servi\u00e7os de apostas. \u00c9 totalmente personaliz\u00e1vel e oferece a capacidade de integra\u00e7\u00e3o com os sistemas existentes para atender \u00e0s necessidades espec\u00edficas de qualquer cliente.<\/span><\/p>\n<p style=\"text-align: left; font-size: 1.2em; line-height: 1.3em;\"><span style=\"font-weight: 400;\">Nossa plataforma de apostas esportivas oferece uma grande variedade de ferramentas com funcionalidade not\u00e1vel, permitindo que as empresas comecem a operar do zero rapidamente. Essas ferramentas incluem v\u00e1rios plug-ins projetados para rastrear probabilidades, gerenciar recursos da web e coletar e analisar dados, al\u00e9m de um front-end moderno e sistemas de b\u00f4nus configur\u00e1veis.<\/span><\/p>\n\n\t\t<\/div>\n\t\t\t\t\n<style>\n#col-271193419 > .col-inner {\n  margin: 0px 0px 0 0px;\n}\n<\/style>\n\t<\/div>\n\n\t\n\n\n<style>\n#row-64044100 > .col > .col-inner {\n  padding: 0px 0 0px 0px;\n}\n<\/style>\n<\/div>\n\n\t\t<\/div>\n\n\t\t\n<style>\n#section_699786850 {\n  padding-top: 65px;\n  padding-bottom: 65px;\n  background-color: rgb(45, 45, 45);\n}\n<\/style>\n\t<\/section>\n\t\n\n\t<section class=\"section hide-for-medium\" id=\"section_771182296\">\n\t\t<div class=\"section-bg fill\" >\n\t\t\t<img fetchpriority=\"high\" decoding=\"async\" width=\"1896\" height=\"870\" src=\"https:\/\/vibragaming.com\/wp-content\/uploads\/2020\/07\/home-platform-background.png\" class=\"bg attachment- size-\" alt=\"\" \/>\t\t\t\t\t\t\n\t\t\t\n\n\t\t<\/div>\n\n\t\t\n\n\t\t<div class=\"section-content relative\">\n\t\t\t\n\n<div class=\"row hide-for-small\" style=\"max-width:80%\" id=\"row-208957685\">\n\n\n\t<div id=\"col-1129902411\" class=\"col medium-7 small-12 large-7\"  >\n\t\t\t\t<div class=\"col-inner\"  >\n\t\t\t\n\t\t\t\n\n<h2 class=\"uppercase\"><strong> Receba nossos \u00faltimos lan\u00e7amentos<\/strong><\/h2>\n\n\t\t<\/div>\n\t\t\t\t\t<\/div>\n\n\t\n\n\t<div id=\"col-145819510\" class=\"col medium-5 small-12 large-5\"  >\n\t\t\t\t<div class=\"col-inner\"  >\n\t\t\t\n\t\t\t\n\n\n<div class=\"wpcf7 no-js\" id=\"wpcf7-f14433-o1\" lang=\"en-US\" dir=\"ltr\" data-wpcf7-id=\"14433\">\n<div class=\"screen-reader-response\"><p role=\"status\" aria-live=\"polite\" aria-atomic=\"true\"><\/p> <ul><\/ul><\/div>\n<form action=\"\/pt-br\/wp-json\/wp\/v2\/pages\/4401#wpcf7-f14433-o1\" method=\"post\" class=\"wpcf7-form init\" aria-label=\"Contact form\" novalidate=\"novalidate\" data-status=\"init\">\n<fieldset class=\"hidden-fields-container\"><input type=\"hidden\" name=\"_wpcf7\" value=\"14433\" \/><input type=\"hidden\" name=\"_wpcf7_version\" value=\"6.1.4\" \/><input type=\"hidden\" name=\"_wpcf7_locale\" value=\"en_US\" \/><input type=\"hidden\" name=\"_wpcf7_unit_tag\" value=\"wpcf7-f14433-o1\" \/><input type=\"hidden\" name=\"_wpcf7_container_post\" value=\"0\" \/><input type=\"hidden\" name=\"_wpcf7_posted_data_hash\" value=\"\" \/>\n<\/fieldset>\n<div class=\"one-half float-left\" style=\"margin-top:23px;\">\n\t<p><label><br \/>\n<span class=\"wpcf7-form-control-wrap\" data-name=\"your-email\"><input size=\"40\" maxlength=\"400\" class=\"wpcf7-form-control wpcf7-email wpcf7-validates-as-required wpcf7-text wpcf7-validates-as-email\" aria-required=\"true\" aria-invalid=\"false\" placeholder=\"Insira seu e-mail*\" value=\"\" type=\"email\" name=\"your-email\" \/><\/span> <\/label>\n\t<\/p>\n<\/div>\n<div class=\"one-half float-right\">\n\t<p><input class=\"wpcf7-form-control wpcf7-submit has-spinner\" type=\"submit\" value=\"Assinar\" \/>\n\t<\/p>\n<\/div><p style=\"display: none !important;\" class=\"akismet-fields-container\" data-prefix=\"_wpcf7_ak_\"><label>&#916;<textarea name=\"_wpcf7_ak_hp_textarea\" cols=\"45\" rows=\"8\" maxlength=\"100\"><\/textarea><\/label><input type=\"hidden\" id=\"ak_js_1\" name=\"_wpcf7_ak_js\" value=\"203\"\/><script>document.getElementById( \"ak_js_1\" ).setAttribute( \"value\", ( new Date() ).getTime() );<\/script><\/p><div class=\"wpcf7-response-output\" aria-hidden=\"true\"><\/div>\n<\/form>\n<\/div>\n\n\n\n\t\t<\/div>\n\t\t\t\t\n<style>\n#col-145819510 > .col-inner {\n  margin: 35px 0px 0px 0px;\n}\n<\/style>\n\t<\/div>\n\n\t\n\n\n<style>\n#row-208957685 > .col > .col-inner {\n  padding: 49px 0px 0px 0px;\n}\n<\/style>\n<\/div>\n\n\t\t<\/div>\n\n\t\t\n<style>\n#section_771182296 {\n  padding-top: 0px;\n  padding-bottom: 0px;\n}\n<\/style>\n\t<\/section>\n\t\n\n\t<section class=\"section show-for-medium hide-for-small\" id=\"section_1370621653\">\n\t\t<div class=\"section-bg fill\" >\n\t\t\t<img fetchpriority=\"high\" decoding=\"async\" width=\"1896\" height=\"870\" src=\"https:\/\/vibragaming.com\/wp-content\/uploads\/2020\/07\/home-platform-background.png\" class=\"bg attachment- size-\" alt=\"\" \/>\t\t\t\t\t\t\n\t\t\t\n\n\t\t<\/div>\n\n\t\t\n\n\t\t<div class=\"section-content relative\">\n\t\t\t\n\n<div class=\"row row-full-width hide-for-small\"  id=\"row-2033912522\">\n\n\n\t<div id=\"col-692384068\" class=\"col medium-8 small-12 large-6\"  >\n\t\t\t\t<div class=\"col-inner\"  >\n\t\t\t\n\t\t\t\n\n\t<div id=\"text-16537131\" class=\"text\">\n\t\t\n\n<h2 class=\"uppercase\"><strong> Receba nossos \u00faltimos lan\u00e7amentos<\/strong><\/h2>\n\t\t\n<style>\n#text-16537131 {\n  font-size: 0.75rem;\n}\n<\/style>\n\t<\/div>\n\t\n\n\t\t<\/div>\n\t\t\t\t\t<\/div>\n\n\t\n\n\t<div id=\"col-1734177976\" class=\"col medium-4 small-12 large-6\"  >\n\t\t\t\t<div class=\"col-inner\"  >\n\t\t\t\n\t\t\t\n\n<p><script>(function() {\n\twindow.mc4wp = window.mc4wp || {\n\t\tlisteners: [],\n\t\tforms: {\n\t\t\ton: function(evt, cb) {\n\t\t\t\twindow.mc4wp.listeners.push(\n\t\t\t\t\t{\n\t\t\t\t\t\tevent   : evt,\n\t\t\t\t\t\tcallback: cb\n\t\t\t\t\t}\n\t\t\t\t);\n\t\t\t}\n\t\t}\n\t}\n})();\n<\/script><!-- Mailchimp for WordPress v4.10.8 - https:\/\/wordpress.org\/plugins\/mailchimp-for-wp\/ --><form id=\"mc4wp-form-1\" class=\"mc4wp-form mc4wp-form-5080\" method=\"post\" data-id=\"5080\" data-name=\"Suscripcion Sitio\" ><div class=\"mc4wp-form-fields\"><p class=\"form-subscribe\">\r\n\t<label>\r\n\t\t<input type=\"email\" name=\"EMAIL\" placeholder=\"Your Email Address\" required \/>\r\n<\/label>\r\n<\/p>\r\n\r\n<p class=\"subscribe\">\r\n\t<input type=\"submit\" value=\"Subscribe\" \/>\r\n<\/p><\/div><label style=\"display: none !important;\">Leave this field empty if you're human: <input type=\"text\" name=\"_mc4wp_honeypot\" value=\"\" tabindex=\"-1\" autocomplete=\"off\" \/><\/label><input type=\"hidden\" name=\"_mc4wp_timestamp\" value=\"1775704130\" \/><input type=\"hidden\" name=\"_mc4wp_form_id\" value=\"5080\" \/><input type=\"hidden\" name=\"_mc4wp_form_element_id\" value=\"mc4wp-form-1\" \/><div class=\"mc4wp-response\"><\/div><\/form><!-- \/ Mailchimp for WordPress Plugin --><\/p>\n\n\t\t<\/div>\n\t\t\t\t\t<\/div>\n\n\t\n\n\n<style>\n#row-2033912522 > .col > .col-inner {\n  padding: 49px 0px 0px 0px;\n}\n<\/style>\n<\/div>\n\n\t\t<\/div>\n\n\t\t\n<style>\n#section_1370621653 {\n  padding-top: 0px;\n  padding-bottom: 0px;\n}\n<\/style>\n\t<\/section>\n\t\n\n\t<section class=\"section show-for-small\" id=\"section_1116487390\">\n\t\t<div class=\"section-bg fill\" >\n\t\t\t<img fetchpriority=\"high\" decoding=\"async\" width=\"1896\" height=\"870\" src=\"https:\/\/vibragaming.com\/wp-content\/uploads\/2020\/07\/home-platform-background.png\" class=\"bg attachment- size-\" alt=\"\" \/>\t\t\t\t\t\t\n\t\t\t\n\n\t\t<\/div>\n\n\t\t\n\n\t\t<div class=\"section-content relative\">\n\t\t\t\n\n<div class=\"row show-for-small\"  id=\"row-1615722285\">\n\n\n\t<div id=\"col-222404084\" class=\"col small-12 large-12\"  >\n\t\t\t\t<div class=\"col-inner\"  >\n\t\t\t\n\t\t\t\n\n\t<div id=\"text-4247038833\" class=\"text\">\n\t\t\n\n<h2 class=\"uppercase\"><strong> Receba nossos \u00faltimos lan\u00e7amentos<\/strong><\/h2>\n\t\t\n<style>\n#text-4247038833 {\n  font-size: 0.75rem;\n}\n<\/style>\n\t<\/div>\n\t\n\n\t\t<\/div>\n\t\t\t\t\n<style>\n#col-222404084 > .col-inner {\n  padding: 0px 0px 0 0px;\n  margin: 0px 0px -21px 0px;\n}\n<\/style>\n\t<\/div>\n\n\t\n\n\t<div id=\"col-1984165160\" class=\"col medium-4 small-12 large-4\"  >\n\t\t\t\t<div class=\"col-inner\"  >\n\t\t\t\n\t\t\t\n\n\n<div class=\"wpcf7 no-js\" id=\"wpcf7-f14433-o2\" lang=\"en-US\" dir=\"ltr\" data-wpcf7-id=\"14433\">\n<div class=\"screen-reader-response\"><p role=\"status\" aria-live=\"polite\" aria-atomic=\"true\"><\/p> <ul><\/ul><\/div>\n<form action=\"\/pt-br\/wp-json\/wp\/v2\/pages\/4401#wpcf7-f14433-o2\" method=\"post\" class=\"wpcf7-form init\" aria-label=\"Contact form\" novalidate=\"novalidate\" data-status=\"init\">\n<fieldset class=\"hidden-fields-container\"><input type=\"hidden\" name=\"_wpcf7\" value=\"14433\" \/><input type=\"hidden\" name=\"_wpcf7_version\" value=\"6.1.4\" \/><input type=\"hidden\" name=\"_wpcf7_locale\" value=\"en_US\" \/><input type=\"hidden\" name=\"_wpcf7_unit_tag\" value=\"wpcf7-f14433-o2\" \/><input type=\"hidden\" name=\"_wpcf7_container_post\" value=\"0\" \/><input type=\"hidden\" name=\"_wpcf7_posted_data_hash\" value=\"\" \/>\n<\/fieldset>\n<div class=\"one-half float-left\" style=\"margin-top:23px;\">\n\t<p><label><br \/>\n<span class=\"wpcf7-form-control-wrap\" data-name=\"your-email\"><input size=\"40\" maxlength=\"400\" class=\"wpcf7-form-control wpcf7-email wpcf7-validates-as-required wpcf7-text wpcf7-validates-as-email\" aria-required=\"true\" aria-invalid=\"false\" placeholder=\"Insira seu e-mail*\" value=\"\" type=\"email\" name=\"your-email\" \/><\/span> <\/label>\n\t<\/p>\n<\/div>\n<div class=\"one-half float-right\">\n\t<p><input class=\"wpcf7-form-control wpcf7-submit has-spinner\" type=\"submit\" value=\"Assinar\" \/>\n\t<\/p>\n<\/div><p style=\"display: none !important;\" class=\"akismet-fields-container\" data-prefix=\"_wpcf7_ak_\"><label>&#916;<textarea name=\"_wpcf7_ak_hp_textarea\" cols=\"45\" rows=\"8\" maxlength=\"100\"><\/textarea><\/label><input type=\"hidden\" id=\"ak_js_2\" name=\"_wpcf7_ak_js\" value=\"190\"\/><script>document.getElementById( \"ak_js_2\" ).setAttribute( \"value\", ( new Date() ).getTime() );<\/script><\/p><div class=\"wpcf7-response-output\" aria-hidden=\"true\"><\/div>\n<\/form>\n<\/div>\n\n\n\n\t\t<\/div>\n\t\t\t\t\n<style>\n#col-1984165160 > .col-inner {\n  padding: 0px 0px 0px 0px;\n  margin: 0px 0px -47px 0px;\n}\n<\/style>\n\t<\/div>\n\n\t\n\n<\/div>\n\n\t\t<\/div>\n\n\t\t\n<style>\n#section_1116487390 {\n  padding-top: 31px;\n  padding-bottom: 31px;\n}\n@media (min-width:550px) {\n  #section_1116487390 {\n    padding-top: 30px;\n    padding-bottom: 30px;\n  }\n}\n<\/style>\n\t<\/section>\n\t\n<style>@media only screen and (max-width: 600px){.one-half float-left, .one-half float-right{widht:100%;}}<\/style>\n\n\n","protected":false},"excerpt":{"rendered":"","protected":false},"author":2,"featured_media":0,"parent":4238,"menu_order":0,"comment_status":"closed","ping_status":"closed","template":"page-blank.php","meta":{"_acf_changed":false,"footnotes":""},"class_list":["post-4401","page","type-page","status-publish","hentry"],"acf":[],"_links":{"self":[{"href":"https:\/\/vibragaming.com\/pt-br\/wp-json\/wp\/v2\/pages\/4401","targetHints":{"allow":["GET"]}}],"collection":[{"href":"https:\/\/vibragaming.com\/pt-br\/wp-json\/wp\/v2\/pages"}],"about":[{"href":"https:\/\/vibragaming.com\/pt-br\/wp-json\/wp\/v2\/types\/page"}],"author":[{"embeddable":true,"href":"https:\/\/vibragaming.com\/pt-br\/wp-json\/wp\/v2\/users\/2"}],"replies":[{"embeddable":true,"href":"https:\/\/vibragaming.com\/pt-br\/wp-json\/wp\/v2\/comments?post=4401"}],"version-history":[{"count":0,"href":"https:\/\/vibragaming.com\/pt-br\/wp-json\/wp\/v2\/pages\/4401\/revisions"}],"up":[{"embeddable":true,"href":"https:\/\/vibragaming.com\/pt-br\/wp-json\/wp\/v2\/pages\/4238"}],"wp:attachment":[{"href":"https:\/\/vibragaming.com\/pt-br\/wp-json\/wp\/v2\/media?parent=4401"}],"curies":[{"name":"wp","href":"https:\/\/api.w.org\/{rel}","templated":true}]}}