{"id":3940,"date":"2020-10-20T12:57:09","date_gmt":"2020-10-20T15:57:09","guid":{"rendered":"https:\/\/vibragaming.com\/?page_id=3940"},"modified":"2020-11-10T13:06:12","modified_gmt":"2020-11-10T16:06:12","slug":"v-sportsbook","status":"publish","type":"page","link":"https:\/\/vibragaming.com\/es\/productos\/v-sportsbook\/","title":{"rendered":"V-Sportsbook"},"content":{"rendered":"\n\n\t<section class=\"section negro-deg product-font hide-for-medium\" id=\"section_663352318\">\n\t\t<div class=\"section-bg fill\" >\n\t\t\t<img fetchpriority=\"high\" decoding=\"async\" width=\"1896\" height=\"870\" src=\"https:\/\/vibragaming.com\/wp-content\/uploads\/2020\/07\/home-platform-background.png\" class=\"bg attachment- size-\" alt=\"\" \/>\t\t\t\t\t\t\n\t\t\t\n\n\t\t<\/div>\n\n\t\t\n\n\t\t<div class=\"section-content relative\">\n\t\t\t\n\n<div class=\"row row-collapse align-middle row-general\" style=\"max-width:80%\" id=\"row-969467652\">\n\n\n\t<div id=\"col-455973059\" class=\"col medium-6 small-12 large-6\"  >\n\t\t\t\t<div class=\"col-inner\"  >\n\t\t\t\n\t\t\t\n\n<h2 class=\"uppercase\" style=\"margin-bottom: 0px;\"><strong>VSolutions Sportsbook<\/strong><\/h2>\n<h3 style=\"font-size: 2em;\"><strong>M\u00e1s de 400,000 eventos por a\u00f1o<\/strong><\/h3>\n<p style=\"text-align: left; font-size: 1.2em; line-height: 1.3em;\"><span style=\"font-weight: 400;\">V-Sportsbook es una plataforma de apuestas deportivas de \u00faltima generaci\u00f3n. Con el uso de nuestra soluci\u00f3n, los clientes tendr\u00e1n acceso a m\u00e1s de 400.000 eventos por a\u00f1o y m\u00e1s de 40 deportes.<\/span><\/p>\n\n\t\t<\/div>\n\t\t\t\t\n<style>\n#col-455973059 > .col-inner {\n  margin: 0px 0px 0 0px;\n}\n<\/style>\n\t<\/div>\n\n\t\n\n\t<div id=\"col-1537205702\" class=\"col medium-6 small-12 large-6\"  >\n\t\t\t\t<div class=\"col-inner text-right\"  >\n\t\t\t\n\t\t\t\n\n\t<div class=\"img has-hover x md-x lg-x y md-y lg-y\" id=\"image_978552682\">\n\t\t\t\t\t\t\t\t<div class=\"img-inner dark\" >\n\t\t\t<img decoding=\"async\" width=\"2503\" height=\"2212\" src=\"https:\/\/vibragaming.com\/wp-content\/uploads\/2020\/07\/sport_betting.png\" class=\"attachment-original size-original\" alt=\"\" srcset=\"https:\/\/vibragaming.com\/wp-content\/uploads\/2020\/07\/sport_betting.png 2503w, https:\/\/vibragaming.com\/wp-content\/uploads\/2020\/07\/sport_betting-453x400.png 453w, https:\/\/vibragaming.com\/wp-content\/uploads\/2020\/07\/sport_betting-905x800.png 905w, https:\/\/vibragaming.com\/wp-content\/uploads\/2020\/07\/sport_betting-768x679.png 768w, https:\/\/vibragaming.com\/wp-content\/uploads\/2020\/07\/sport_betting-1536x1357.png 1536w, https:\/\/vibragaming.com\/wp-content\/uploads\/2020\/07\/sport_betting-2048x1810.png 2048w\" sizes=\"(max-width: 2503px) 100vw, 2503px\" \/>\t\t\t\t\t\t\n\t\t\t\t\t<\/div>\n\t\t\t\t\t\t\t\t\n<style>\n#image_978552682 {\n  width: 96%;\n}\n<\/style>\n\t<\/div>\n\t\n\n\n\t\t<\/div>\n\t\t\t\t\n<style>\n#col-1537205702 > .col-inner {\n  padding: 0px 0px 0 0px;\n  margin: 0px 0px 0 0px;\n}\n<\/style>\n\t<\/div>\n\n\t\n\n\n<style>\n#row-969467652 > .col > .col-inner {\n  padding: 0px 0 0px 0px;\n}\n<\/style>\n<\/div>\n\n\t\t<\/div>\n\n\t\t\n<style>\n#section_663352318 {\n  padding-top: 65px;\n  padding-bottom: 65px;\n}\n<\/style>\n\t<\/section>\n\t\n\n\t<section class=\"section negro-deg product-font show-for-medium\" id=\"section_1010070336\">\n\t\t<div class=\"section-bg fill\" >\n\t\t\t<img fetchpriority=\"high\" decoding=\"async\" width=\"1896\" height=\"870\" src=\"https:\/\/vibragaming.com\/wp-content\/uploads\/2020\/07\/home-platform-background.png\" class=\"bg attachment- size-\" alt=\"\" \/>\t\t\t\t\t\t\n\t\t\t\n\n\t\t<\/div>\n\n\t\t\n\n\t\t<div class=\"section-content relative\">\n\t\t\t\n\n<div class=\"row row-collapse row-full-width align-middle\"  id=\"row-1991651767\">\n\n\n\t<div id=\"col-25548279\" class=\"col medium-6 small-12 large-6\"  >\n\t\t\t\t<div class=\"col-inner\"  >\n\t\t\t\n\t\t\t\n\n<h2 class=\"uppercase\" style=\"margin-bottom: 0px;\"><strong>VSolutions Sportsbook<\/strong><\/h2>\n<h3 style=\"font-size: 2em;\"><strong>M\u00e1s de 400,000 eventos por a\u00f1o<\/strong><\/h3>\n<p style=\"text-align: left; font-size: 1.2em; line-height: 1.3em;\"><span style=\"font-weight: 400;\">V-Sportsbook es una plataforma de apuestas deportivas de \u00faltima generaci\u00f3n. Con el uso de nuestra soluci\u00f3n, los clientes tendr\u00e1n acceso a m\u00e1s de 400.000 eventos por a\u00f1o y m\u00e1s de 40 deportes.<\/span><\/p>\n\n\t\t<\/div>\n\t\t\t\t\n<style>\n#col-25548279 > .col-inner {\n  margin: 0px 0px 0 0px;\n}\n<\/style>\n\t<\/div>\n\n\t\n\n\t<div id=\"col-267052257\" class=\"col medium-6 small-12 large-6\"  >\n\t\t\t\t<div class=\"col-inner text-right\"  >\n\t\t\t\n\t\t\t\n\n\t<div class=\"img has-hover x md-x lg-x y md-y lg-y\" id=\"image_2116478782\">\n\t\t\t\t\t\t\t\t<div class=\"img-inner dark\" >\n\t\t\t<img decoding=\"async\" width=\"2503\" height=\"2212\" src=\"https:\/\/vibragaming.com\/wp-content\/uploads\/2020\/07\/sport_betting.png\" class=\"attachment-original size-original\" alt=\"\" srcset=\"https:\/\/vibragaming.com\/wp-content\/uploads\/2020\/07\/sport_betting.png 2503w, https:\/\/vibragaming.com\/wp-content\/uploads\/2020\/07\/sport_betting-453x400.png 453w, https:\/\/vibragaming.com\/wp-content\/uploads\/2020\/07\/sport_betting-905x800.png 905w, https:\/\/vibragaming.com\/wp-content\/uploads\/2020\/07\/sport_betting-768x679.png 768w, https:\/\/vibragaming.com\/wp-content\/uploads\/2020\/07\/sport_betting-1536x1357.png 1536w, https:\/\/vibragaming.com\/wp-content\/uploads\/2020\/07\/sport_betting-2048x1810.png 2048w\" sizes=\"(max-width: 2503px) 100vw, 2503px\" \/>\t\t\t\t\t\t\n\t\t\t\t\t<\/div>\n\t\t\t\t\t\t\t\t\n<style>\n#image_2116478782 {\n  width: 96%;\n}\n<\/style>\n\t<\/div>\n\t\n\n\n\t\t<\/div>\n\t\t\t\t\n<style>\n#col-267052257 > .col-inner {\n  padding: 0px 0px 0 0px;\n  margin: 0px 0px 0 0px;\n}\n<\/style>\n\t<\/div>\n\n\t\n\n\n<style>\n#row-1991651767 > .col > .col-inner {\n  padding: 0px 0 0px 0px;\n}\n<\/style>\n<\/div>\n\n\t\t<\/div>\n\n\t\t\n<style>\n#section_1010070336 {\n  padding-top: 65px;\n  padding-bottom: 65px;\n}\n<\/style>\n\t<\/section>\n\t\n\n\t<section class=\"section negro-deg product-font hide-for-medium\" id=\"section_1845814304\">\n\t\t<div class=\"section-bg fill\" >\n\t\t\t\t\t\t\t\t\t\n\t\t\t\n\n\t\t<\/div>\n\n\t\t\n\n\t\t<div class=\"section-content relative\">\n\t\t\t\n\n<div class=\"row row-collapse align-middle row-general\" style=\"max-width:80%\" id=\"row-1453521145\">\n\n\n\t<div id=\"col-1959466629\" class=\"col medium-6 small-12 large-6\"  >\n\t\t\t\t<div class=\"col-inner text-left\"  >\n\t\t\t\n\t\t\t\n\n\t<div class=\"img has-hover x md-x lg-x y md-y lg-y\" id=\"image_275775423\">\n\t\t\t\t\t\t\t\t<div class=\"img-inner dark\" >\n\t\t\t<img decoding=\"async\" width=\"2677\" height=\"2412\" src=\"https:\/\/vibragaming.com\/wp-content\/uploads\/2020\/07\/sport_betting-2.png\" class=\"attachment-original size-original\" alt=\"\" srcset=\"https:\/\/vibragaming.com\/wp-content\/uploads\/2020\/07\/sport_betting-2.png 2677w, https:\/\/vibragaming.com\/wp-content\/uploads\/2020\/07\/sport_betting-2-444x400.png 444w, https:\/\/vibragaming.com\/wp-content\/uploads\/2020\/07\/sport_betting-2-888x800.png 888w, https:\/\/vibragaming.com\/wp-content\/uploads\/2020\/07\/sport_betting-2-768x692.png 768w, https:\/\/vibragaming.com\/wp-content\/uploads\/2020\/07\/sport_betting-2-1536x1384.png 1536w, https:\/\/vibragaming.com\/wp-content\/uploads\/2020\/07\/sport_betting-2-2048x1845.png 2048w\" sizes=\"(max-width: 2677px) 100vw, 2677px\" \/>\t\t\t\t\t\t\n\t\t\t\t\t<\/div>\n\t\t\t\t\t\t\t\t\n<style>\n#image_275775423 {\n  width: 90%;\n}\n<\/style>\n\t<\/div>\n\t\n\n\n\t\t<\/div>\n\t\t\t\t\n<style>\n#col-1959466629 > .col-inner {\n  padding: 0px 0px 0 0px;\n  margin: 0px 0px 0 0px;\n}\n<\/style>\n\t<\/div>\n\n\t\n\n\t<div id=\"col-1659728029\" class=\"col medium-6 small-12 large-6\"  >\n\t\t\t\t<div class=\"col-inner\"  >\n\t\t\t\n\t\t\t\n\n<h2 class=\"uppercase\" style=\"margin-bottom: 0px;\"><strong>TOTALMENTE PERSONALIZABLE<\/strong><\/h2>\n<h3 style=\"font-size: 2em;\"><strong>Gama completa de servicios de apuestas<\/strong><\/h3>\n<p style=\"text-align: left; font-size: 1.2em; line-height: 1.3em;\"><span style=\"font-weight: 400;\">La plataforma proporciona una soluci\u00f3n integral para los operadores, lo que permite una f\u00e1cil implementaci\u00f3n y un r\u00e1pido lanzamiento incorporando nuestra gama completa de servicios de apuestas. Es totalmente personalizable y ofrece la capacidad de integrarse a los sistemas existentes con el fin de satisfacer las necesidades espec\u00edficas de cualquier cliente. <\/span><\/p>\n<p style=\"text-align: left; font-size: 1.2em; line-height: 1.3em;\"><span style=\"font-weight: 400;\">Nuestra plataforma de apuestas deportivas ofrece una gran cantidad de herramientas con una notable funcionalidad, que permite a las empresas comenzar a operar desde cero r\u00e1pidamente. Estas herramientas incluyen m\u00faltiples complementos dise\u00f1ados para realizar un seguimiento de las probabilidades, manejar los recursos web y recopilar y analizar datos, adem\u00e1s de un moderno front-end y sistemas de bonificaci\u00f3n configurables. <\/span><\/p>\n\n\t\t<\/div>\n\t\t\t\t\n<style>\n#col-1659728029 > .col-inner {\n  margin: 0px 0px 0 0px;\n}\n<\/style>\n\t<\/div>\n\n\t\n\n\n<style>\n#row-1453521145 > .col > .col-inner {\n  padding: 0px 0 0px 0px;\n}\n<\/style>\n<\/div>\n\n\t\t<\/div>\n\n\t\t\n<style>\n#section_1845814304 {\n  padding-top: 65px;\n  padding-bottom: 65px;\n  background-color: rgb(45, 45, 45);\n}\n<\/style>\n\t<\/section>\n\t\n\n\t<section class=\"section negro-deg product-font show-for-medium\" id=\"section_1795486353\">\n\t\t<div class=\"section-bg fill\" >\n\t\t\t\t\t\t\t\t\t\n\t\t\t\n\n\t\t<\/div>\n\n\t\t\n\n\t\t<div class=\"section-content relative\">\n\t\t\t\n\n<div class=\"row row-collapse row-full-width align-middle\"  id=\"row-1494955494\">\n\n\n\t<div id=\"col-1693350743\" class=\"col medium-12 small-12 large-6\"  >\n\t\t\t\t<div class=\"col-inner text-center\"  >\n\t\t\t\n\t\t\t\n\n\t<div class=\"img has-hover show-for-small x md-x lg-x y md-y lg-y\" id=\"image_2083866515\">\n\t\t\t\t\t\t\t\t<div class=\"img-inner dark\" >\n\t\t\t<img decoding=\"async\" width=\"2677\" height=\"2412\" src=\"https:\/\/vibragaming.com\/wp-content\/uploads\/2020\/07\/sport_betting-2.png\" class=\"attachment-original size-original\" alt=\"\" srcset=\"https:\/\/vibragaming.com\/wp-content\/uploads\/2020\/07\/sport_betting-2.png 2677w, https:\/\/vibragaming.com\/wp-content\/uploads\/2020\/07\/sport_betting-2-444x400.png 444w, https:\/\/vibragaming.com\/wp-content\/uploads\/2020\/07\/sport_betting-2-888x800.png 888w, https:\/\/vibragaming.com\/wp-content\/uploads\/2020\/07\/sport_betting-2-768x692.png 768w, https:\/\/vibragaming.com\/wp-content\/uploads\/2020\/07\/sport_betting-2-1536x1384.png 1536w, https:\/\/vibragaming.com\/wp-content\/uploads\/2020\/07\/sport_betting-2-2048x1845.png 2048w\" sizes=\"(max-width: 2677px) 100vw, 2677px\" \/>\t\t\t\t\t\t\n\t\t\t\t\t<\/div>\n\t\t\t\t\t\t\t\t\n<style>\n#image_2083866515 {\n  width: 100%;\n}\n@media (min-width:550px) {\n  #image_2083866515 {\n    width: 56%;\n  }\n}\n@media (min-width:850px) {\n  #image_2083866515 {\n    width: 90%;\n  }\n}\n<\/style>\n\t<\/div>\n\t\n\n\n\t\t<\/div>\n\t\t\t\t\n<style>\n#col-1693350743 > .col-inner {\n  padding: 0px 0px 0 0px;\n  margin: 0px 0px 0 0px;\n}\n<\/style>\n\t<\/div>\n\n\t\n\n\t<div id=\"col-485299264\" class=\"col medium-12 small-12 large-6\"  >\n\t\t\t\t<div class=\"col-inner\"  >\n\t\t\t\n\t\t\t\n\n<h2 class=\"uppercase\" style=\"margin-bottom: 0px;\"><strong>TOTALMENTE PERSONALIZABLE<\/strong><\/h2>\n<h3 style=\"font-size: 2em;\"><strong>Gama completa de servicios de apuestas<\/strong><\/h3>\n<p style=\"text-align: left; font-size: 1.2em; line-height: 1.3em;\"><span style=\"font-weight: 400;\">La plataforma proporciona una soluci\u00f3n integral para los operadores, lo que permite una f\u00e1cil implementaci\u00f3n y un r\u00e1pido lanzamiento incorporando nuestra gama completa de servicios de apuestas. Es totalmente personalizable y ofrece la capacidad de integrarse a los sistemas existentes con el fin de satisfacer las necesidades espec\u00edficas de cualquier cliente. <\/span><\/p>\n<p style=\"text-align: left; font-size: 1.2em; line-height: 1.3em;\"><span style=\"font-weight: 400;\">Nuestra plataforma de apuestas deportivas ofrece una gran cantidad de herramientas con una notable funcionalidad, que permite a las empresas comenzar a operar desde cero r\u00e1pidamente. Estas herramientas incluyen m\u00faltiples complementos dise\u00f1ados para realizar un seguimiento de las probabilidades, manejar los recursos web y recopilar y analizar datos, adem\u00e1s de un moderno front-end y sistemas de bonificaci\u00f3n configurables. <\/span><\/p>\n\n\t\t<\/div>\n\t\t\t\t\n<style>\n#col-485299264 > .col-inner {\n  margin: 0px 0px 0 0px;\n}\n<\/style>\n\t<\/div>\n\n\t\n\n\n<style>\n#row-1494955494 > .col > .col-inner {\n  padding: 0px 0 0px 0px;\n}\n<\/style>\n<\/div>\n\n\t\t<\/div>\n\n\t\t\n<style>\n#section_1795486353 {\n  padding-top: 65px;\n  padding-bottom: 65px;\n  background-color: rgb(45, 45, 45);\n}\n<\/style>\n\t<\/section>\n\t\n\n\t<section class=\"section hide-for-medium\" id=\"section_717656427\">\n\t\t<div class=\"section-bg fill\" >\n\t\t\t<img fetchpriority=\"high\" decoding=\"async\" width=\"1896\" height=\"870\" src=\"https:\/\/vibragaming.com\/wp-content\/uploads\/2020\/07\/home-platform-background.png\" class=\"bg attachment- size-\" alt=\"\" \/>\t\t\t\t\t\t\n\t\t\t\n\n\t\t<\/div>\n\n\t\t\n\n\t\t<div class=\"section-content relative\">\n\t\t\t\n\n<div class=\"row hide-for-small\" style=\"max-width:80%\" id=\"row-1671557626\">\n\n\n\t<div id=\"col-104729585\" class=\"col medium-7 small-12 large-7\"  >\n\t\t\t\t<div class=\"col-inner\"  >\n\t\t\t\n\t\t\t\n\n<h2 class=\"uppercase\"><strong> Recibe nuestros<br \/> \u00faltimos lanzamientos<\/strong><\/h2>\n\n\t\t<\/div>\n\t\t\t\t\t<\/div>\n\n\t\n\n\t<div id=\"col-1142654198\" class=\"col medium-5 small-12 large-5\"  >\n\t\t\t\t<div class=\"col-inner\"  >\n\t\t\t\n\t\t\t\n\n\n<div class=\"wpcf7 no-js\" id=\"wpcf7-f14431-o1\" lang=\"en-US\" dir=\"ltr\" data-wpcf7-id=\"14431\">\n<div class=\"screen-reader-response\"><p role=\"status\" aria-live=\"polite\" aria-atomic=\"true\"><\/p> <ul><\/ul><\/div>\n<form action=\"\/es\/wp-json\/wp\/v2\/pages\/3940#wpcf7-f14431-o1\" method=\"post\" class=\"wpcf7-form init\" aria-label=\"Contact form\" novalidate=\"novalidate\" data-status=\"init\">\n<fieldset class=\"hidden-fields-container\"><input type=\"hidden\" name=\"_wpcf7\" value=\"14431\" \/><input type=\"hidden\" name=\"_wpcf7_version\" value=\"6.1.4\" \/><input type=\"hidden\" name=\"_wpcf7_locale\" value=\"en_US\" \/><input type=\"hidden\" name=\"_wpcf7_unit_tag\" value=\"wpcf7-f14431-o1\" \/><input type=\"hidden\" name=\"_wpcf7_container_post\" value=\"0\" \/><input type=\"hidden\" name=\"_wpcf7_posted_data_hash\" value=\"\" \/>\n<\/fieldset>\n<div class=\"one-half float-left\" style=\"margin-top:23px;\">\n\t<p><label><br \/>\n<span class=\"wpcf7-form-control-wrap\" data-name=\"your-email\"><input size=\"40\" maxlength=\"400\" class=\"wpcf7-form-control wpcf7-email wpcf7-validates-as-required wpcf7-text wpcf7-validates-as-email\" aria-required=\"true\" aria-invalid=\"false\" placeholder=\"Correo electr\u00f3nico*\" value=\"\" type=\"email\" name=\"your-email\" \/><\/span> <\/label>\n\t<\/p>\n<\/div>\n<div class=\"one-half float-right\">\n\t<p><input class=\"wpcf7-form-control wpcf7-submit has-spinner\" type=\"submit\" value=\"Suscribir\" \/>\n\t<\/p>\n<\/div><p style=\"display: none !important;\" class=\"akismet-fields-container\" data-prefix=\"_wpcf7_ak_\"><label>&#916;<textarea name=\"_wpcf7_ak_hp_textarea\" cols=\"45\" rows=\"8\" maxlength=\"100\"><\/textarea><\/label><input type=\"hidden\" id=\"ak_js_1\" name=\"_wpcf7_ak_js\" value=\"30\"\/><script>document.getElementById( \"ak_js_1\" ).setAttribute( \"value\", ( new Date() ).getTime() );<\/script><\/p><div class=\"wpcf7-response-output\" aria-hidden=\"true\"><\/div>\n<\/form>\n<\/div>\n\n\n\n\t\t<\/div>\n\t\t\t\t\n<style>\n#col-1142654198 > .col-inner {\n  margin: 34px 0px 0px 0px;\n}\n<\/style>\n\t<\/div>\n\n\t\n\n\n<style>\n#row-1671557626 > .col > .col-inner {\n  padding: 49px 0px 0px 0px;\n}\n<\/style>\n<\/div>\n\n\t\t<\/div>\n\n\t\t\n<style>\n#section_717656427 {\n  padding-top: 0px;\n  padding-bottom: 0px;\n}\n<\/style>\n\t<\/section>\n\t\n\n\t<section class=\"section show-for-medium hide-for-small\" id=\"section_1235915740\">\n\t\t<div class=\"section-bg fill\" >\n\t\t\t<img fetchpriority=\"high\" decoding=\"async\" width=\"1896\" height=\"870\" src=\"https:\/\/vibragaming.com\/wp-content\/uploads\/2020\/07\/home-platform-background.png\" class=\"bg attachment- size-\" alt=\"\" \/>\t\t\t\t\t\t\n\t\t\t\n\n\t\t<\/div>\n\n\t\t\n\n\t\t<div class=\"section-content relative\">\n\t\t\t\n\n<div class=\"row row-full-width hide-for-small\"  id=\"row-1758327154\">\n\n\n\t<div id=\"col-1785540253\" class=\"col medium-9 small-12 large-6\"  >\n\t\t\t\t<div class=\"col-inner\"  >\n\t\t\t\n\t\t\t\n\n\t<div id=\"text-2155554572\" class=\"text\">\n\t\t\n\n<h2 class=\"uppercase\"><strong> Recibe nuestros<br \/> \u00faltimos lanzamientos<\/strong><\/h2>\n\t\t\n<style>\n#text-2155554572 {\n  font-size: 0.75rem;\n}\n<\/style>\n\t<\/div>\n\t\n\n\t\t<\/div>\n\t\t\t\t\t<\/div>\n\n\t\n\n\t<div id=\"col-1104980344\" class=\"col medium-3 small-12 large-6\"  >\n\t\t\t\t<div class=\"col-inner\"  >\n\t\t\t\n\t\t\t\n\n<p><script>(function() {\n\twindow.mc4wp = window.mc4wp || {\n\t\tlisteners: [],\n\t\tforms: {\n\t\t\ton: function(evt, cb) {\n\t\t\t\twindow.mc4wp.listeners.push(\n\t\t\t\t\t{\n\t\t\t\t\t\tevent   : evt,\n\t\t\t\t\t\tcallback: cb\n\t\t\t\t\t}\n\t\t\t\t);\n\t\t\t}\n\t\t}\n\t}\n})();\n<\/script><!-- Mailchimp for WordPress v4.10.8 - https:\/\/wordpress.org\/plugins\/mailchimp-for-wp\/ --><form id=\"mc4wp-form-1\" class=\"mc4wp-form mc4wp-form-5080\" method=\"post\" data-id=\"5080\" data-name=\"Suscripcion Sitio\" ><div class=\"mc4wp-form-fields\"><p class=\"form-subscribe\">\r\n\t<label>\r\n\t\t<input type=\"email\" name=\"EMAIL\" placeholder=\"Your Email Address\" required \/>\r\n<\/label>\r\n<\/p>\r\n\r\n<p class=\"subscribe\">\r\n\t<input type=\"submit\" value=\"Subscribe\" \/>\r\n<\/p><\/div><label style=\"display: none !important;\">Deja vac\u00edo este campo si eres humano: <input type=\"text\" name=\"_mc4wp_honeypot\" value=\"\" tabindex=\"-1\" autocomplete=\"off\" \/><\/label><input type=\"hidden\" name=\"_mc4wp_timestamp\" value=\"1775392108\" \/><input type=\"hidden\" name=\"_mc4wp_form_id\" value=\"5080\" \/><input type=\"hidden\" name=\"_mc4wp_form_element_id\" value=\"mc4wp-form-1\" \/><div class=\"mc4wp-response\"><\/div><\/form><!-- \/ Mailchimp for WordPress Plugin --><\/p>\n\n\t\t<\/div>\n\t\t\t\t\t<\/div>\n\n\t\n\n\n<style>\n#row-1758327154 > .col > .col-inner {\n  padding: 49px 0px 0px 0px;\n}\n<\/style>\n<\/div>\n\n\t\t<\/div>\n\n\t\t\n<style>\n#section_1235915740 {\n  padding-top: 0px;\n  padding-bottom: 0px;\n}\n<\/style>\n\t<\/section>\n\t\n\n\t<section class=\"section show-for-small\" id=\"section_1725008398\">\n\t\t<div class=\"section-bg fill\" >\n\t\t\t<img fetchpriority=\"high\" decoding=\"async\" width=\"1896\" height=\"870\" src=\"https:\/\/vibragaming.com\/wp-content\/uploads\/2020\/07\/home-platform-background.png\" class=\"bg attachment- size-\" alt=\"\" \/>\t\t\t\t\t\t\n\t\t\t\n\n\t\t<\/div>\n\n\t\t\n\n\t\t<div class=\"section-content relative\">\n\t\t\t\n\n<div class=\"row show-for-small\"  id=\"row-788319284\">\n\n\n\t<div id=\"col-1144423753\" class=\"col small-12 large-12\"  >\n\t\t\t\t<div class=\"col-inner\"  >\n\t\t\t\n\t\t\t\n\n\t<div id=\"text-3875165793\" class=\"text\">\n\t\t\n\n<h2 class=\"uppercase\"><strong> Recibe nuestros<br \/> \u00faltimos lanzamientos<\/strong><\/h2>\n\t\t\n<style>\n#text-3875165793 {\n  font-size: 0.75rem;\n}\n<\/style>\n\t<\/div>\n\t\n\n\t\t<\/div>\n\t\t\t\t\n<style>\n#col-1144423753 > .col-inner {\n  padding: 0px 0px 0 0px;\n  margin: 0px 0px -21px 0px;\n}\n<\/style>\n\t<\/div>\n\n\t\n\n\t<div id=\"col-2076566921\" class=\"col medium-4 small-12 large-4\"  >\n\t\t\t\t<div class=\"col-inner\"  >\n\t\t\t\n\t\t\t\n\n\n<div class=\"wpcf7 no-js\" id=\"wpcf7-f14431-o2\" lang=\"en-US\" dir=\"ltr\" data-wpcf7-id=\"14431\">\n<div class=\"screen-reader-response\"><p role=\"status\" aria-live=\"polite\" aria-atomic=\"true\"><\/p> <ul><\/ul><\/div>\n<form action=\"\/es\/wp-json\/wp\/v2\/pages\/3940#wpcf7-f14431-o2\" method=\"post\" class=\"wpcf7-form init\" aria-label=\"Contact form\" novalidate=\"novalidate\" data-status=\"init\">\n<fieldset class=\"hidden-fields-container\"><input type=\"hidden\" name=\"_wpcf7\" value=\"14431\" \/><input type=\"hidden\" name=\"_wpcf7_version\" value=\"6.1.4\" \/><input type=\"hidden\" name=\"_wpcf7_locale\" value=\"en_US\" \/><input type=\"hidden\" name=\"_wpcf7_unit_tag\" value=\"wpcf7-f14431-o2\" \/><input type=\"hidden\" name=\"_wpcf7_container_post\" value=\"0\" \/><input type=\"hidden\" name=\"_wpcf7_posted_data_hash\" value=\"\" \/>\n<\/fieldset>\n<div class=\"one-half float-left\" style=\"margin-top:23px;\">\n\t<p><label><br \/>\n<span class=\"wpcf7-form-control-wrap\" data-name=\"your-email\"><input size=\"40\" maxlength=\"400\" class=\"wpcf7-form-control wpcf7-email wpcf7-validates-as-required wpcf7-text wpcf7-validates-as-email\" aria-required=\"true\" aria-invalid=\"false\" placeholder=\"Correo electr\u00f3nico*\" value=\"\" type=\"email\" name=\"your-email\" \/><\/span> <\/label>\n\t<\/p>\n<\/div>\n<div class=\"one-half float-right\">\n\t<p><input class=\"wpcf7-form-control wpcf7-submit has-spinner\" type=\"submit\" value=\"Suscribir\" \/>\n\t<\/p>\n<\/div><p style=\"display: none !important;\" class=\"akismet-fields-container\" data-prefix=\"_wpcf7_ak_\"><label>&#916;<textarea name=\"_wpcf7_ak_hp_textarea\" cols=\"45\" rows=\"8\" maxlength=\"100\"><\/textarea><\/label><input type=\"hidden\" id=\"ak_js_2\" name=\"_wpcf7_ak_js\" value=\"72\"\/><script>document.getElementById( \"ak_js_2\" ).setAttribute( \"value\", ( new Date() ).getTime() );<\/script><\/p><div class=\"wpcf7-response-output\" aria-hidden=\"true\"><\/div>\n<\/form>\n<\/div>\n\n\n\n\t\t<\/div>\n\t\t\t\t\n<style>\n#col-2076566921 > .col-inner {\n  padding: 0px 0px 0px 0px;\n  margin: 0px 0px -47px 0px;\n}\n<\/style>\n\t<\/div>\n\n\t\n\n<\/div>\n\n\t\t<\/div>\n\n\t\t\n<style>\n#section_1725008398 {\n  padding-top: 31px;\n  padding-bottom: 31px;\n}\n@media (min-width:550px) {\n  #section_1725008398 {\n    padding-top: 30px;\n    padding-bottom: 30px;\n  }\n}\n<\/style>\n\t<\/section>\n\t\n<style>@media only screen and (max-width: 600px){.one-half float-left, .one-half float-right{widht:100%;}}<\/style>\n\n\n","protected":false},"excerpt":{"rendered":"","protected":false},"author":2,"featured_media":0,"parent":3942,"menu_order":0,"comment_status":"closed","ping_status":"closed","template":"page-blank.php","meta":{"_acf_changed":false,"footnotes":""},"class_list":["post-3940","page","type-page","status-publish","hentry"],"acf":[],"_links":{"self":[{"href":"https:\/\/vibragaming.com\/es\/wp-json\/wp\/v2\/pages\/3940","targetHints":{"allow":["GET"]}}],"collection":[{"href":"https:\/\/vibragaming.com\/es\/wp-json\/wp\/v2\/pages"}],"about":[{"href":"https:\/\/vibragaming.com\/es\/wp-json\/wp\/v2\/types\/page"}],"author":[{"embeddable":true,"href":"https:\/\/vibragaming.com\/es\/wp-json\/wp\/v2\/users\/2"}],"replies":[{"embeddable":true,"href":"https:\/\/vibragaming.com\/es\/wp-json\/wp\/v2\/comments?post=3940"}],"version-history":[{"count":0,"href":"https:\/\/vibragaming.com\/es\/wp-json\/wp\/v2\/pages\/3940\/revisions"}],"up":[{"embeddable":true,"href":"https:\/\/vibragaming.com\/es\/wp-json\/wp\/v2\/pages\/3942"}],"wp:attachment":[{"href":"https:\/\/vibragaming.com\/es\/wp-json\/wp\/v2\/media?parent=3940"}],"curies":[{"name":"wp","href":"https:\/\/api.w.org\/{rel}","templated":true}]}}